{"id":3704,"date":"2025-12-11T22:08:25","date_gmt":"2025-12-11T21:08:25","guid":{"rendered":"https:\/\/opticacanalejas.com\/?post_type=product&#038;p=3704"},"modified":"2026-03-02T20:33:29","modified_gmt":"2026-03-02T19:33:29","slug":"cartier-ct0433s-001","status":"publish","type":"product","link":"https:\/\/opticacanalejas.com\/en\/producto\/cartier-ct0433s-001\/","title":{"rendered":"Cartier CT0433S-001"},"content":{"rendered":"<p>Versi\u00f3n Panth\u00e8re Classic inspirada en la colecci\u00f3n de marroquiner\u00eda de la Maison y caracterizada por la cabeza felina tridimensional con detalles esmaltados en la bisagra. Dise\u00f1o moderno hexagonal al aire para un aspecto actual e ic\u00f3nico. Cabeza Panth\u00e8re adornada con detalles esmaltado tono sobre tono con los colores de las lentes y precioso acabado de oro. Terminales de acetato para garantizar la comodidad.<\/p>\n","protected":false},"excerpt":{"rendered":"<p>Versi\u00f3n Panth\u00e8re Classic inspirada en la colecci\u00f3n de marroquiner\u00eda de la Maison y caracterizada por la cabeza felina tridimensional con detalles esmaltados en la bisagra. Dise\u00f1o moderno hexagonal al aire para un aspecto actual e ic\u00f3nico. Cabeza Panth\u00e8re adornada con detalles esmaltado tono sobre tono con los colores de las lentes y precioso acabado de [&hellip;]<\/p>\n","protected":false},"featured_media":4959,"comment_status":"open","ping_status":"closed","template":"","meta":[],"pwb-brand":[49],"product_brand":[],"product_cat":[20],"product_tag":[],"class_list":{"0":"post-3704","1":"product","2":"type-product","3":"status-publish","4":"has-post-thumbnail","6":"pwb-brand-cartier","7":"product_cat-gafas-de-sol","9":"first","10":"instock","11":"featured","12":"taxable","13":"shipping-taxable","14":"purchasable","15":"product-type-simple"},"yoast_head":"<!-- This site is optimized with the Yoast SEO plugin v27.4 - https:\/\/yoast.com\/product\/yoast-seo-wordpress\/ -->\n<title>Cartier CT0433S-001 - \u00d3ptica Canalejas | Madrid | Ver bien, elegir bien.<\/title>\n<meta name=\"robots\" content=\"index, follow, max-snippet:-1, max-image-preview:large, max-video-preview:-1\" \/>\n<link rel=\"canonical\" href=\"https:\/\/opticacanalejas.com\/en\/producto\/cartier-ct0433s-001\/\" \/>\n<meta property=\"og:locale\" content=\"en_US\" \/>\n<meta property=\"og:type\" content=\"article\" \/>\n<meta property=\"og:title\" content=\"Cartier CT0433S-001 - \u00d3ptica Canalejas | Madrid | Ver bien, elegir bien.\" \/>\n<meta property=\"og:description\" content=\"Versi\u00f3n Panth\u00e8re Classic inspirada en la colecci\u00f3n de marroquiner\u00eda de la Maison y caracterizada por la cabeza felina tridimensional con detalles esmaltados en la bisagra. Dise\u00f1o moderno hexagonal al aire para un aspecto actual e ic\u00f3nico. Cabeza Panth\u00e8re adornada con detalles esmaltado tono sobre tono con los colores de las lentes y precioso acabado de [&hellip;]\" \/>\n<meta property=\"og:url\" content=\"https:\/\/opticacanalejas.com\/en\/producto\/cartier-ct0433s-001\/\" \/>\n<meta property=\"og:site_name\" content=\"\u00d3ptica Canalejas | Madrid | Ver bien, elegir bien.\" \/>\n<meta property=\"article:publisher\" content=\"https:\/\/facebook.com\/opticacanalejas\/\" \/>\n<meta property=\"article:modified_time\" content=\"2026-03-02T19:33:29+00:00\" \/>\n<meta property=\"og:image\" content=\"https:\/\/opticacanalejas.com\/wp-content\/uploads\/2025\/12\/CT0574OA_3-1.jpg\" \/>\n\t<meta property=\"og:image:width\" content=\"2400\" \/>\n\t<meta property=\"og:image:height\" content=\"1286\" \/>\n\t<meta property=\"og:image:type\" content=\"image\/jpeg\" \/>\n<meta name=\"twitter:card\" content=\"summary_large_image\" \/>\n<meta name=\"twitter:label1\" content=\"Est. reading time\" \/>\n\t<meta name=\"twitter:data1\" content=\"1 minute\" \/>\n<script type=\"application\/ld+json\" class=\"yoast-schema-graph\">{\"@context\":\"https:\\\/\\\/schema.org\",\"@graph\":[{\"@type\":\"WebPage\",\"@id\":\"https:\\\/\\\/opticacanalejas.com\\\/en\\\/producto\\\/cartier-ct0433s-001\\\/\",\"url\":\"https:\\\/\\\/opticacanalejas.com\\\/en\\\/producto\\\/cartier-ct0433s-001\\\/\",\"name\":\"Cartier CT0433S-001 - \u00d3ptica Canalejas | Madrid | Ver bien, elegir bien.\",\"isPartOf\":{\"@id\":\"https:\\\/\\\/opticacanalejas.com\\\/en\\\/#website\"},\"primaryImageOfPage\":{\"@id\":\"https:\\\/\\\/opticacanalejas.com\\\/en\\\/producto\\\/cartier-ct0433s-001\\\/#primaryimage\"},\"image\":{\"@id\":\"https:\\\/\\\/opticacanalejas.com\\\/en\\\/producto\\\/cartier-ct0433s-001\\\/#primaryimage\"},\"thumbnailUrl\":\"https:\\\/\\\/opticacanalejas.com\\\/wp-content\\\/uploads\\\/2026\\\/02\\\/CT0433S-001-front-xxl.jpeg\",\"datePublished\":\"2025-12-11T21:08:25+00:00\",\"dateModified\":\"2026-03-02T19:33:29+00:00\",\"breadcrumb\":{\"@id\":\"https:\\\/\\\/opticacanalejas.com\\\/en\\\/producto\\\/cartier-ct0433s-001\\\/#breadcrumb\"},\"inLanguage\":\"en-US\",\"potentialAction\":[{\"@type\":\"ReadAction\",\"target\":[\"https:\\\/\\\/opticacanalejas.com\\\/en\\\/producto\\\/cartier-ct0433s-001\\\/\"]}]},{\"@type\":\"ImageObject\",\"inLanguage\":\"en-US\",\"@id\":\"https:\\\/\\\/opticacanalejas.com\\\/en\\\/producto\\\/cartier-ct0433s-001\\\/#primaryimage\",\"url\":\"https:\\\/\\\/opticacanalejas.com\\\/wp-content\\\/uploads\\\/2026\\\/02\\\/CT0433S-001-front-xxl.jpeg\",\"contentUrl\":\"https:\\\/\\\/opticacanalejas.com\\\/wp-content\\\/uploads\\\/2026\\\/02\\\/CT0433S-001-front-xxl.jpeg\",\"width\":2400,\"height\":1286},{\"@type\":\"BreadcrumbList\",\"@id\":\"https:\\\/\\\/opticacanalejas.com\\\/en\\\/producto\\\/cartier-ct0433s-001\\\/#breadcrumb\",\"itemListElement\":[{\"@type\":\"ListItem\",\"position\":1,\"name\":\"Portada\",\"item\":\"https:\\\/\\\/opticacanalejas.com\\\/en\\\/\"},{\"@type\":\"ListItem\",\"position\":2,\"name\":\"Shop\",\"item\":\"https:\\\/\\\/opticacanalejas.com\\\/en\\\/shop\\\/\"},{\"@type\":\"ListItem\",\"position\":3,\"name\":\"Cartier CT0433S-001\"}]},{\"@type\":\"WebSite\",\"@id\":\"https:\\\/\\\/opticacanalejas.com\\\/en\\\/#website\",\"url\":\"https:\\\/\\\/opticacanalejas.com\\\/en\\\/\",\"name\":\"\u00d3ptica Canalejas\",\"description\":\"La \u00f3ptica del centro de Madrid con las colecciones m\u00e1s exclusivas. Gafas Moscot. Gafas Lunor. Gafas Akoni. Gafas Cartier. Gafas Serengeti. Gafas Matsuda. Horario L-V de 10:00 a 20:00. S\u00e1bados 10:00 a 14:00.\",\"publisher\":{\"@id\":\"https:\\\/\\\/opticacanalejas.com\\\/en\\\/#organization\"},\"potentialAction\":[{\"@type\":\"SearchAction\",\"target\":{\"@type\":\"EntryPoint\",\"urlTemplate\":\"https:\\\/\\\/opticacanalejas.com\\\/en\\\/?s={search_term_string}\"},\"query-input\":{\"@type\":\"PropertyValueSpecification\",\"valueRequired\":true,\"valueName\":\"search_term_string\"}}],\"inLanguage\":\"en-US\"},{\"@type\":\"Organization\",\"@id\":\"https:\\\/\\\/opticacanalejas.com\\\/en\\\/#organization\",\"name\":\"\u00d3ptica Canalejas\",\"url\":\"https:\\\/\\\/opticacanalejas.com\\\/en\\\/\",\"logo\":{\"@type\":\"ImageObject\",\"inLanguage\":\"en-US\",\"@id\":\"https:\\\/\\\/opticacanalejas.com\\\/en\\\/#\\\/schema\\\/logo\\\/image\\\/\",\"url\":\"https:\\\/\\\/opticacanalejas.com\\\/wp-content\\\/uploads\\\/2024\\\/07\\\/logo.png\",\"contentUrl\":\"https:\\\/\\\/opticacanalejas.com\\\/wp-content\\\/uploads\\\/2024\\\/07\\\/logo.png\",\"width\":143,\"height\":100,\"caption\":\"\u00d3ptica Canalejas\"},\"image\":{\"@id\":\"https:\\\/\\\/opticacanalejas.com\\\/en\\\/#\\\/schema\\\/logo\\\/image\\\/\"},\"sameAs\":[\"https:\\\/\\\/facebook.com\\\/opticacanalejas\\\/\"]}]}<\/script>\n<!-- \/ Yoast SEO plugin. -->","yoast_head_json":{"title":"Cartier CT0433S-001 - \u00d3ptica Canalejas | Madrid | Ver bien, elegir bien.","robots":{"index":"index","follow":"follow","max-snippet":"max-snippet:-1","max-image-preview":"max-image-preview:large","max-video-preview":"max-video-preview:-1"},"canonical":"https:\/\/opticacanalejas.com\/en\/producto\/cartier-ct0433s-001\/","og_locale":"en_US","og_type":"article","og_title":"Cartier CT0433S-001 - \u00d3ptica Canalejas | Madrid | Ver bien, elegir bien.","og_description":"Versi\u00f3n Panth\u00e8re Classic inspirada en la colecci\u00f3n de marroquiner\u00eda de la Maison y caracterizada por la cabeza felina tridimensional con detalles esmaltados en la bisagra. Dise\u00f1o moderno hexagonal al aire para un aspecto actual e ic\u00f3nico. Cabeza Panth\u00e8re adornada con detalles esmaltado tono sobre tono con los colores de las lentes y precioso acabado de [&hellip;]","og_url":"https:\/\/opticacanalejas.com\/en\/producto\/cartier-ct0433s-001\/","og_site_name":"\u00d3ptica Canalejas | Madrid | Ver bien, elegir bien.","article_publisher":"https:\/\/facebook.com\/opticacanalejas\/","article_modified_time":"2026-03-02T19:33:29+00:00","og_image":[{"width":2400,"height":1286,"url":"https:\/\/opticacanalejas.com\/wp-content\/uploads\/2025\/12\/CT0574OA_3-1.jpg","type":"image\/jpeg"}],"twitter_card":"summary_large_image","twitter_misc":{"Est. reading time":"1 minute"},"schema":{"@context":"https:\/\/schema.org","@graph":[{"@type":"WebPage","@id":"https:\/\/opticacanalejas.com\/en\/producto\/cartier-ct0433s-001\/","url":"https:\/\/opticacanalejas.com\/en\/producto\/cartier-ct0433s-001\/","name":"Cartier CT0433S-001 - \u00d3ptica Canalejas | Madrid | Ver bien, elegir bien.","isPartOf":{"@id":"https:\/\/opticacanalejas.com\/en\/#website"},"primaryImageOfPage":{"@id":"https:\/\/opticacanalejas.com\/en\/producto\/cartier-ct0433s-001\/#primaryimage"},"image":{"@id":"https:\/\/opticacanalejas.com\/en\/producto\/cartier-ct0433s-001\/#primaryimage"},"thumbnailUrl":"https:\/\/opticacanalejas.com\/wp-content\/uploads\/2026\/02\/CT0433S-001-front-xxl.jpeg","datePublished":"2025-12-11T21:08:25+00:00","dateModified":"2026-03-02T19:33:29+00:00","breadcrumb":{"@id":"https:\/\/opticacanalejas.com\/en\/producto\/cartier-ct0433s-001\/#breadcrumb"},"inLanguage":"en-US","potentialAction":[{"@type":"ReadAction","target":["https:\/\/opticacanalejas.com\/en\/producto\/cartier-ct0433s-001\/"]}]},{"@type":"ImageObject","inLanguage":"en-US","@id":"https:\/\/opticacanalejas.com\/en\/producto\/cartier-ct0433s-001\/#primaryimage","url":"https:\/\/opticacanalejas.com\/wp-content\/uploads\/2026\/02\/CT0433S-001-front-xxl.jpeg","contentUrl":"https:\/\/opticacanalejas.com\/wp-content\/uploads\/2026\/02\/CT0433S-001-front-xxl.jpeg","width":2400,"height":1286},{"@type":"BreadcrumbList","@id":"https:\/\/opticacanalejas.com\/en\/producto\/cartier-ct0433s-001\/#breadcrumb","itemListElement":[{"@type":"ListItem","position":1,"name":"Portada","item":"https:\/\/opticacanalejas.com\/en\/"},{"@type":"ListItem","position":2,"name":"Shop","item":"https:\/\/opticacanalejas.com\/en\/shop\/"},{"@type":"ListItem","position":3,"name":"Cartier CT0433S-001"}]},{"@type":"WebSite","@id":"https:\/\/opticacanalejas.com\/en\/#website","url":"https:\/\/opticacanalejas.com\/en\/","name":"\u00d3ptica Canalejas","description":"La \u00f3ptica del centro de Madrid con las colecciones m\u00e1s exclusivas. Gafas Moscot. Gafas Lunor. Gafas Akoni. Gafas Cartier. Gafas Serengeti. Gafas Matsuda. Horario L-V de 10:00 a 20:00. S\u00e1bados 10:00 a 14:00.","publisher":{"@id":"https:\/\/opticacanalejas.com\/en\/#organization"},"potentialAction":[{"@type":"SearchAction","target":{"@type":"EntryPoint","urlTemplate":"https:\/\/opticacanalejas.com\/en\/?s={search_term_string}"},"query-input":{"@type":"PropertyValueSpecification","valueRequired":true,"valueName":"search_term_string"}}],"inLanguage":"en-US"},{"@type":"Organization","@id":"https:\/\/opticacanalejas.com\/en\/#organization","name":"\u00d3ptica Canalejas","url":"https:\/\/opticacanalejas.com\/en\/","logo":{"@type":"ImageObject","inLanguage":"en-US","@id":"https:\/\/opticacanalejas.com\/en\/#\/schema\/logo\/image\/","url":"https:\/\/opticacanalejas.com\/wp-content\/uploads\/2024\/07\/logo.png","contentUrl":"https:\/\/opticacanalejas.com\/wp-content\/uploads\/2024\/07\/logo.png","width":143,"height":100,"caption":"\u00d3ptica Canalejas"},"image":{"@id":"https:\/\/opticacanalejas.com\/en\/#\/schema\/logo\/image\/"},"sameAs":["https:\/\/facebook.com\/opticacanalejas\/"]}]}},"jetpack_sharing_enabled":true,"brands":[{"id":49,"name":"Cartier","slug":"cartier"}],"_links":{"self":[{"href":"https:\/\/opticacanalejas.com\/en\/wp-json\/wp\/v2\/product\/3704","targetHints":{"allow":["GET"]}}],"collection":[{"href":"https:\/\/opticacanalejas.com\/en\/wp-json\/wp\/v2\/product"}],"about":[{"href":"https:\/\/opticacanalejas.com\/en\/wp-json\/wp\/v2\/types\/product"}],"replies":[{"embeddable":true,"href":"https:\/\/opticacanalejas.com\/en\/wp-json\/wp\/v2\/comments?post=3704"}],"version-history":[{"count":3,"href":"https:\/\/opticacanalejas.com\/en\/wp-json\/wp\/v2\/product\/3704\/revisions"}],"predecessor-version":[{"id":4928,"href":"https:\/\/opticacanalejas.com\/en\/wp-json\/wp\/v2\/product\/3704\/revisions\/4928"}],"wp:featuredmedia":[{"embeddable":true,"href":"https:\/\/opticacanalejas.com\/en\/wp-json\/wp\/v2\/media\/4959"}],"wp:attachment":[{"href":"https:\/\/opticacanalejas.com\/en\/wp-json\/wp\/v2\/media?parent=3704"}],"wp:term":[{"taxonomy":"pwb-brand","embeddable":true,"href":"https:\/\/opticacanalejas.com\/en\/wp-json\/wp\/v2\/pwb-brand?post=3704"},{"taxonomy":"product_brand","embeddable":true,"href":"https:\/\/opticacanalejas.com\/en\/wp-json\/wp\/v2\/product_brand?post=3704"},{"taxonomy":"product_cat","embeddable":true,"href":"https:\/\/opticacanalejas.com\/en\/wp-json\/wp\/v2\/product_cat?post=3704"},{"taxonomy":"product_tag","embeddable":true,"href":"https:\/\/opticacanalejas.com\/en\/wp-json\/wp\/v2\/product_tag?post=3704"}],"curies":[{"name":"wp","href":"https:\/\/api.w.org\/{rel}","templated":true}]}}