{"id":3702,"date":"2025-12-11T22:08:25","date_gmt":"2025-12-11T21:08:25","guid":{"rendered":"https:\/\/opticacanalejas.com\/?post_type=product&#038;p=3702"},"modified":"2026-03-02T20:33:29","modified_gmt":"2026-03-02T19:33:29","slug":"cartier-ct0601o-001","status":"publish","type":"product","link":"https:\/\/opticacanalejas.com\/en\/producto\/cartier-ct0601o-001\/","title":{"rendered":"Cartier CT0601O-001"},"content":{"rendered":"<p>Renovada montura Panth\u00e8re bidimensional totalmente met\u00e1lica con el cuerpo de la Panth\u00e8re recorriendo toda la varilla. Dise\u00f1o contempor\u00e1neo y divertido en una montura al aire para un look sofisticado e ic\u00f3nico. Bisagra adornada con la ic\u00f3nica silueta de Panth\u00e8re dise\u00f1ada en todos los detalles. Precioso acabado en oro o platino, terminales de acetato en forma de cola de Panth\u00e8re para garantizar la comodidad y logotipo Double C en las plaquetas nasales.<\/p>\n","protected":false},"excerpt":{"rendered":"<p>Renovada montura Panth\u00e8re bidimensional totalmente met\u00e1lica con el cuerpo de la Panth\u00e8re recorriendo toda la varilla. Dise\u00f1o contempor\u00e1neo y divertido en una montura al aire para un look sofisticado e ic\u00f3nico. Bisagra adornada con la ic\u00f3nica silueta de Panth\u00e8re dise\u00f1ada en todos los detalles. Precioso acabado en oro o platino, terminales de acetato en forma [&hellip;]<\/p>\n","protected":false},"featured_media":5087,"comment_status":"open","ping_status":"closed","template":"","meta":[],"pwb-brand":[49],"product_brand":[],"product_cat":[39],"product_tag":[],"class_list":{"0":"post-3702","1":"product","2":"type-product","3":"status-publish","4":"has-post-thumbnail","6":"pwb-brand-cartier","7":"product_cat-gafas-graduadas","9":"first","10":"instock","11":"taxable","12":"shipping-taxable","13":"purchasable","14":"product-type-simple"},"yoast_head":"<!-- This site is optimized with the Yoast SEO plugin v27.4 - https:\/\/yoast.com\/product\/yoast-seo-wordpress\/ -->\n<title>Cartier CT0601O-001 - \u00d3ptica Canalejas | Madrid | Ver bien, elegir bien.<\/title>\n<meta name=\"robots\" content=\"index, follow, max-snippet:-1, max-image-preview:large, max-video-preview:-1\" \/>\n<link rel=\"canonical\" href=\"https:\/\/opticacanalejas.com\/en\/producto\/cartier-ct0601o-001\/\" \/>\n<meta property=\"og:locale\" content=\"en_US\" \/>\n<meta property=\"og:type\" content=\"article\" \/>\n<meta property=\"og:title\" content=\"Cartier CT0601O-001 - \u00d3ptica Canalejas | Madrid | Ver bien, elegir bien.\" \/>\n<meta property=\"og:description\" content=\"Renovada montura Panth\u00e8re bidimensional totalmente met\u00e1lica con el cuerpo de la Panth\u00e8re recorriendo toda la varilla. Dise\u00f1o contempor\u00e1neo y divertido en una montura al aire para un look sofisticado e ic\u00f3nico. Bisagra adornada con la ic\u00f3nica silueta de Panth\u00e8re dise\u00f1ada en todos los detalles. Precioso acabado en oro o platino, terminales de acetato en forma [&hellip;]\" \/>\n<meta property=\"og:url\" content=\"https:\/\/opticacanalejas.com\/en\/producto\/cartier-ct0601o-001\/\" \/>\n<meta property=\"og:site_name\" content=\"\u00d3ptica Canalejas | Madrid | Ver bien, elegir bien.\" \/>\n<meta property=\"article:publisher\" content=\"https:\/\/facebook.com\/opticacanalejas\/\" \/>\n<meta property=\"article:modified_time\" content=\"2026-03-02T19:33:29+00:00\" \/>\n<meta name=\"twitter:card\" content=\"summary_large_image\" \/>\n<script type=\"application\/ld+json\" class=\"yoast-schema-graph\">{\"@context\":\"https:\\\/\\\/schema.org\",\"@graph\":[{\"@type\":\"WebPage\",\"@id\":\"https:\\\/\\\/opticacanalejas.com\\\/en\\\/producto\\\/cartier-ct0601o-001\\\/\",\"url\":\"https:\\\/\\\/opticacanalejas.com\\\/en\\\/producto\\\/cartier-ct0601o-001\\\/\",\"name\":\"Cartier CT0601O-001 - \u00d3ptica Canalejas | Madrid | Ver bien, elegir bien.\",\"isPartOf\":{\"@id\":\"https:\\\/\\\/opticacanalejas.com\\\/en\\\/#website\"},\"primaryImageOfPage\":{\"@id\":\"https:\\\/\\\/opticacanalejas.com\\\/en\\\/producto\\\/cartier-ct0601o-001\\\/#primaryimage\"},\"image\":{\"@id\":\"https:\\\/\\\/opticacanalejas.com\\\/en\\\/producto\\\/cartier-ct0601o-001\\\/#primaryimage\"},\"thumbnailUrl\":\"https:\\\/\\\/opticacanalejas.com\\\/wp-content\\\/uploads\\\/2026\\\/03\\\/CT0601O-001-front-xxl.jpeg\",\"datePublished\":\"2025-12-11T21:08:25+00:00\",\"dateModified\":\"2026-03-02T19:33:29+00:00\",\"breadcrumb\":{\"@id\":\"https:\\\/\\\/opticacanalejas.com\\\/en\\\/producto\\\/cartier-ct0601o-001\\\/#breadcrumb\"},\"inLanguage\":\"en-US\",\"potentialAction\":[{\"@type\":\"ReadAction\",\"target\":[\"https:\\\/\\\/opticacanalejas.com\\\/en\\\/producto\\\/cartier-ct0601o-001\\\/\"]}]},{\"@type\":\"ImageObject\",\"inLanguage\":\"en-US\",\"@id\":\"https:\\\/\\\/opticacanalejas.com\\\/en\\\/producto\\\/cartier-ct0601o-001\\\/#primaryimage\",\"url\":\"https:\\\/\\\/opticacanalejas.com\\\/wp-content\\\/uploads\\\/2026\\\/03\\\/CT0601O-001-front-xxl.jpeg\",\"contentUrl\":\"https:\\\/\\\/opticacanalejas.com\\\/wp-content\\\/uploads\\\/2026\\\/03\\\/CT0601O-001-front-xxl.jpeg\",\"width\":2400,\"height\":1286},{\"@type\":\"BreadcrumbList\",\"@id\":\"https:\\\/\\\/opticacanalejas.com\\\/en\\\/producto\\\/cartier-ct0601o-001\\\/#breadcrumb\",\"itemListElement\":[{\"@type\":\"ListItem\",\"position\":1,\"name\":\"Portada\",\"item\":\"https:\\\/\\\/opticacanalejas.com\\\/en\\\/\"},{\"@type\":\"ListItem\",\"position\":2,\"name\":\"Shop\",\"item\":\"https:\\\/\\\/opticacanalejas.com\\\/en\\\/shop\\\/\"},{\"@type\":\"ListItem\",\"position\":3,\"name\":\"Cartier CT0601O-001\"}]},{\"@type\":\"WebSite\",\"@id\":\"https:\\\/\\\/opticacanalejas.com\\\/en\\\/#website\",\"url\":\"https:\\\/\\\/opticacanalejas.com\\\/en\\\/\",\"name\":\"\u00d3ptica Canalejas\",\"description\":\"La \u00f3ptica del centro de Madrid con las colecciones m\u00e1s exclusivas. Gafas Moscot. Gafas Lunor. Gafas Akoni. Gafas Cartier. Gafas Serengeti. Gafas Matsuda. Horario L-V de 10:00 a 20:00. S\u00e1bados 10:00 a 14:00.\",\"publisher\":{\"@id\":\"https:\\\/\\\/opticacanalejas.com\\\/en\\\/#organization\"},\"potentialAction\":[{\"@type\":\"SearchAction\",\"target\":{\"@type\":\"EntryPoint\",\"urlTemplate\":\"https:\\\/\\\/opticacanalejas.com\\\/en\\\/?s={search_term_string}\"},\"query-input\":{\"@type\":\"PropertyValueSpecification\",\"valueRequired\":true,\"valueName\":\"search_term_string\"}}],\"inLanguage\":\"en-US\"},{\"@type\":\"Organization\",\"@id\":\"https:\\\/\\\/opticacanalejas.com\\\/en\\\/#organization\",\"name\":\"\u00d3ptica Canalejas\",\"url\":\"https:\\\/\\\/opticacanalejas.com\\\/en\\\/\",\"logo\":{\"@type\":\"ImageObject\",\"inLanguage\":\"en-US\",\"@id\":\"https:\\\/\\\/opticacanalejas.com\\\/en\\\/#\\\/schema\\\/logo\\\/image\\\/\",\"url\":\"https:\\\/\\\/opticacanalejas.com\\\/wp-content\\\/uploads\\\/2024\\\/07\\\/logo.png\",\"contentUrl\":\"https:\\\/\\\/opticacanalejas.com\\\/wp-content\\\/uploads\\\/2024\\\/07\\\/logo.png\",\"width\":143,\"height\":100,\"caption\":\"\u00d3ptica Canalejas\"},\"image\":{\"@id\":\"https:\\\/\\\/opticacanalejas.com\\\/en\\\/#\\\/schema\\\/logo\\\/image\\\/\"},\"sameAs\":[\"https:\\\/\\\/facebook.com\\\/opticacanalejas\\\/\"]}]}<\/script>\n<!-- \/ Yoast SEO plugin. -->","yoast_head_json":{"title":"Cartier CT0601O-001 - \u00d3ptica Canalejas | Madrid | Ver bien, elegir bien.","robots":{"index":"index","follow":"follow","max-snippet":"max-snippet:-1","max-image-preview":"max-image-preview:large","max-video-preview":"max-video-preview:-1"},"canonical":"https:\/\/opticacanalejas.com\/en\/producto\/cartier-ct0601o-001\/","og_locale":"en_US","og_type":"article","og_title":"Cartier CT0601O-001 - \u00d3ptica Canalejas | Madrid | Ver bien, elegir bien.","og_description":"Renovada montura Panth\u00e8re bidimensional totalmente met\u00e1lica con el cuerpo de la Panth\u00e8re recorriendo toda la varilla. Dise\u00f1o contempor\u00e1neo y divertido en una montura al aire para un look sofisticado e ic\u00f3nico. Bisagra adornada con la ic\u00f3nica silueta de Panth\u00e8re dise\u00f1ada en todos los detalles. Precioso acabado en oro o platino, terminales de acetato en forma [&hellip;]","og_url":"https:\/\/opticacanalejas.com\/en\/producto\/cartier-ct0601o-001\/","og_site_name":"\u00d3ptica Canalejas | Madrid | Ver bien, elegir bien.","article_publisher":"https:\/\/facebook.com\/opticacanalejas\/","article_modified_time":"2026-03-02T19:33:29+00:00","twitter_card":"summary_large_image","schema":{"@context":"https:\/\/schema.org","@graph":[{"@type":"WebPage","@id":"https:\/\/opticacanalejas.com\/en\/producto\/cartier-ct0601o-001\/","url":"https:\/\/opticacanalejas.com\/en\/producto\/cartier-ct0601o-001\/","name":"Cartier CT0601O-001 - \u00d3ptica Canalejas | Madrid | Ver bien, elegir bien.","isPartOf":{"@id":"https:\/\/opticacanalejas.com\/en\/#website"},"primaryImageOfPage":{"@id":"https:\/\/opticacanalejas.com\/en\/producto\/cartier-ct0601o-001\/#primaryimage"},"image":{"@id":"https:\/\/opticacanalejas.com\/en\/producto\/cartier-ct0601o-001\/#primaryimage"},"thumbnailUrl":"https:\/\/opticacanalejas.com\/wp-content\/uploads\/2026\/03\/CT0601O-001-front-xxl.jpeg","datePublished":"2025-12-11T21:08:25+00:00","dateModified":"2026-03-02T19:33:29+00:00","breadcrumb":{"@id":"https:\/\/opticacanalejas.com\/en\/producto\/cartier-ct0601o-001\/#breadcrumb"},"inLanguage":"en-US","potentialAction":[{"@type":"ReadAction","target":["https:\/\/opticacanalejas.com\/en\/producto\/cartier-ct0601o-001\/"]}]},{"@type":"ImageObject","inLanguage":"en-US","@id":"https:\/\/opticacanalejas.com\/en\/producto\/cartier-ct0601o-001\/#primaryimage","url":"https:\/\/opticacanalejas.com\/wp-content\/uploads\/2026\/03\/CT0601O-001-front-xxl.jpeg","contentUrl":"https:\/\/opticacanalejas.com\/wp-content\/uploads\/2026\/03\/CT0601O-001-front-xxl.jpeg","width":2400,"height":1286},{"@type":"BreadcrumbList","@id":"https:\/\/opticacanalejas.com\/en\/producto\/cartier-ct0601o-001\/#breadcrumb","itemListElement":[{"@type":"ListItem","position":1,"name":"Portada","item":"https:\/\/opticacanalejas.com\/en\/"},{"@type":"ListItem","position":2,"name":"Shop","item":"https:\/\/opticacanalejas.com\/en\/shop\/"},{"@type":"ListItem","position":3,"name":"Cartier CT0601O-001"}]},{"@type":"WebSite","@id":"https:\/\/opticacanalejas.com\/en\/#website","url":"https:\/\/opticacanalejas.com\/en\/","name":"\u00d3ptica Canalejas","description":"La \u00f3ptica del centro de Madrid con las colecciones m\u00e1s exclusivas. Gafas Moscot. Gafas Lunor. Gafas Akoni. Gafas Cartier. Gafas Serengeti. Gafas Matsuda. Horario L-V de 10:00 a 20:00. S\u00e1bados 10:00 a 14:00.","publisher":{"@id":"https:\/\/opticacanalejas.com\/en\/#organization"},"potentialAction":[{"@type":"SearchAction","target":{"@type":"EntryPoint","urlTemplate":"https:\/\/opticacanalejas.com\/en\/?s={search_term_string}"},"query-input":{"@type":"PropertyValueSpecification","valueRequired":true,"valueName":"search_term_string"}}],"inLanguage":"en-US"},{"@type":"Organization","@id":"https:\/\/opticacanalejas.com\/en\/#organization","name":"\u00d3ptica Canalejas","url":"https:\/\/opticacanalejas.com\/en\/","logo":{"@type":"ImageObject","inLanguage":"en-US","@id":"https:\/\/opticacanalejas.com\/en\/#\/schema\/logo\/image\/","url":"https:\/\/opticacanalejas.com\/wp-content\/uploads\/2024\/07\/logo.png","contentUrl":"https:\/\/opticacanalejas.com\/wp-content\/uploads\/2024\/07\/logo.png","width":143,"height":100,"caption":"\u00d3ptica Canalejas"},"image":{"@id":"https:\/\/opticacanalejas.com\/en\/#\/schema\/logo\/image\/"},"sameAs":["https:\/\/facebook.com\/opticacanalejas\/"]}]}},"jetpack_sharing_enabled":true,"brands":[{"id":49,"name":"Cartier","slug":"cartier"}],"_links":{"self":[{"href":"https:\/\/opticacanalejas.com\/en\/wp-json\/wp\/v2\/product\/3702","targetHints":{"allow":["GET"]}}],"collection":[{"href":"https:\/\/opticacanalejas.com\/en\/wp-json\/wp\/v2\/product"}],"about":[{"href":"https:\/\/opticacanalejas.com\/en\/wp-json\/wp\/v2\/types\/product"}],"replies":[{"embeddable":true,"href":"https:\/\/opticacanalejas.com\/en\/wp-json\/wp\/v2\/comments?post=3702"}],"version-history":[{"count":2,"href":"https:\/\/opticacanalejas.com\/en\/wp-json\/wp\/v2\/product\/3702\/revisions"}],"predecessor-version":[{"id":4943,"href":"https:\/\/opticacanalejas.com\/en\/wp-json\/wp\/v2\/product\/3702\/revisions\/4943"}],"wp:featuredmedia":[{"embeddable":true,"href":"https:\/\/opticacanalejas.com\/en\/wp-json\/wp\/v2\/media\/5087"}],"wp:attachment":[{"href":"https:\/\/opticacanalejas.com\/en\/wp-json\/wp\/v2\/media?parent=3702"}],"wp:term":[{"taxonomy":"pwb-brand","embeddable":true,"href":"https:\/\/opticacanalejas.com\/en\/wp-json\/wp\/v2\/pwb-brand?post=3702"},{"taxonomy":"product_brand","embeddable":true,"href":"https:\/\/opticacanalejas.com\/en\/wp-json\/wp\/v2\/product_brand?post=3702"},{"taxonomy":"product_cat","embeddable":true,"href":"https:\/\/opticacanalejas.com\/en\/wp-json\/wp\/v2\/product_cat?post=3702"},{"taxonomy":"product_tag","embeddable":true,"href":"https:\/\/opticacanalejas.com\/en\/wp-json\/wp\/v2\/product_tag?post=3702"}],"curies":[{"name":"wp","href":"https:\/\/api.w.org\/{rel}","templated":true}]}}