{"id":3167,"date":"2025-08-06T21:31:17","date_gmt":"2025-08-06T19:31:17","guid":{"rendered":"https:\/\/opticacanalejas.com\/?post_type=product&#038;p=3167"},"modified":"2025-08-06T21:31:18","modified_gmt":"2025-08-06T19:31:18","slug":"dita-radihacker-optical-grey-crystal","status":"publish","type":"product","link":"https:\/\/opticacanalejas.com\/en\/producto\/dita-radihacker-optical-grey-crystal\/","title":{"rendered":"Dita Radihacker Optical Grey Crystal"},"content":{"rendered":"<p>Montura de acetato japon\u00e9s de alta calidad y varillas con alma met\u00e1lica personalizada<\/p>\n<p>Bisagra de 3 cilindros con tornillos hexagonales de titanio patentados por DITA<\/p>\n<p>Fabricadas en Jap\u00f3n<\/p>\n","protected":false},"excerpt":{"rendered":"<p>RADIHACKER Optical presenta un frontal y unas varillas esculpidas con geometr\u00eda marcada y resistente, encapsulando una est\u00e9tica juvenil y moderna con gran fuerza visual. Meticulosamente perfeccionada con la bisagra exclusiva de DITA, con tornillos hexagonales de titanio (4-hex) y sistema de 3 cilindros, RADIHACKER logra una fusi\u00f3n impecable entre innovaci\u00f3n y sofisticaci\u00f3n.<\/p>\n<p>Disponible en tres colores: Black, Burnt Timber y Grey Crystal.<\/p>\n","protected":false},"featured_media":3038,"comment_status":"open","ping_status":"closed","template":"","meta":[],"pwb-brand":[45],"product_brand":[],"product_cat":[39],"product_tag":[],"class_list":{"0":"post-3167","1":"product","2":"type-product","3":"status-publish","4":"has-post-thumbnail","6":"pwb-brand-comprar-gafas-dita-en-madrid","7":"product_cat-gafas-graduadas","9":"first","10":"instock","11":"taxable","12":"shipping-taxable","13":"purchasable","14":"product-type-simple"},"yoast_head":"<!-- This site is optimized with the Yoast SEO plugin v27.4 - https:\/\/yoast.com\/product\/yoast-seo-wordpress\/ -->\n<title>Dita Radihacker Optical Grey Crystal - \u00d3ptica Canalejas | Madrid | Ver bien, elegir bien.<\/title>\n<meta name=\"robots\" content=\"index, follow, max-snippet:-1, max-image-preview:large, max-video-preview:-1\" \/>\n<link rel=\"canonical\" href=\"https:\/\/opticacanalejas.com\/en\/producto\/dita-radihacker-optical-grey-crystal\/\" \/>\n<meta property=\"og:locale\" content=\"en_US\" \/>\n<meta property=\"og:type\" content=\"article\" \/>\n<meta property=\"og:title\" content=\"Dita Radihacker Optical Grey Crystal - \u00d3ptica Canalejas | Madrid | Ver bien, elegir bien.\" \/>\n<meta property=\"og:description\" content=\"RADIHACKER Optical presenta un frontal y unas varillas esculpidas con geometr\u00eda marcada y resistente, encapsulando una est\u00e9tica juvenil y moderna con gran fuerza visual. Meticulosamente perfeccionada con la bisagra exclusiva de DITA, con tornillos hexagonales de titanio (4-hex) y sistema de 3 cilindros, RADIHACKER logra una fusi\u00f3n impecable entre innovaci\u00f3n y sofisticaci\u00f3n. Disponible en tres colores: Black, Burnt Timber y Grey Crystal.\" \/>\n<meta property=\"og:url\" content=\"https:\/\/opticacanalejas.com\/en\/producto\/dita-radihacker-optical-grey-crystal\/\" \/>\n<meta property=\"og:site_name\" content=\"\u00d3ptica Canalejas | Madrid | Ver bien, elegir bien.\" \/>\n<meta property=\"article:publisher\" content=\"https:\/\/facebook.com\/opticacanalejas\/\" \/>\n<meta property=\"article:modified_time\" content=\"2025-08-06T19:31:18+00:00\" \/>\n<meta name=\"twitter:card\" content=\"summary_large_image\" \/>\n<script type=\"application\/ld+json\" class=\"yoast-schema-graph\">{\"@context\":\"https:\\\/\\\/schema.org\",\"@graph\":[{\"@type\":\"WebPage\",\"@id\":\"https:\\\/\\\/opticacanalejas.com\\\/en\\\/producto\\\/dita-radihacker-optical-grey-crystal\\\/\",\"url\":\"https:\\\/\\\/opticacanalejas.com\\\/en\\\/producto\\\/dita-radihacker-optical-grey-crystal\\\/\",\"name\":\"Dita Radihacker Optical Grey Crystal - \u00d3ptica Canalejas | Madrid | Ver bien, elegir bien.\",\"isPartOf\":{\"@id\":\"https:\\\/\\\/opticacanalejas.com\\\/en\\\/#website\"},\"primaryImageOfPage\":{\"@id\":\"https:\\\/\\\/opticacanalejas.com\\\/en\\\/producto\\\/dita-radihacker-optical-grey-crystal\\\/#primaryimage\"},\"image\":{\"@id\":\"https:\\\/\\\/opticacanalejas.com\\\/en\\\/producto\\\/dita-radihacker-optical-grey-crystal\\\/#primaryimage\"},\"thumbnailUrl\":\"https:\\\/\\\/opticacanalejas.com\\\/wp-content\\\/uploads\\\/2025\\\/08\\\/Radihacker-optical-Grey-Crystal-1.webp\",\"datePublished\":\"2025-08-06T19:31:17+00:00\",\"dateModified\":\"2025-08-06T19:31:18+00:00\",\"breadcrumb\":{\"@id\":\"https:\\\/\\\/opticacanalejas.com\\\/en\\\/producto\\\/dita-radihacker-optical-grey-crystal\\\/#breadcrumb\"},\"inLanguage\":\"en-US\",\"potentialAction\":[{\"@type\":\"ReadAction\",\"target\":[\"https:\\\/\\\/opticacanalejas.com\\\/en\\\/producto\\\/dita-radihacker-optical-grey-crystal\\\/\"]}]},{\"@type\":\"ImageObject\",\"inLanguage\":\"en-US\",\"@id\":\"https:\\\/\\\/opticacanalejas.com\\\/en\\\/producto\\\/dita-radihacker-optical-grey-crystal\\\/#primaryimage\",\"url\":\"https:\\\/\\\/opticacanalejas.com\\\/wp-content\\\/uploads\\\/2025\\\/08\\\/Radihacker-optical-Grey-Crystal-1.webp\",\"contentUrl\":\"https:\\\/\\\/opticacanalejas.com\\\/wp-content\\\/uploads\\\/2025\\\/08\\\/Radihacker-optical-Grey-Crystal-1.webp\",\"width\":1440,\"height\":920},{\"@type\":\"BreadcrumbList\",\"@id\":\"https:\\\/\\\/opticacanalejas.com\\\/en\\\/producto\\\/dita-radihacker-optical-grey-crystal\\\/#breadcrumb\",\"itemListElement\":[{\"@type\":\"ListItem\",\"position\":1,\"name\":\"Portada\",\"item\":\"https:\\\/\\\/opticacanalejas.com\\\/en\\\/\"},{\"@type\":\"ListItem\",\"position\":2,\"name\":\"Shop\",\"item\":\"https:\\\/\\\/opticacanalejas.com\\\/en\\\/shop\\\/\"},{\"@type\":\"ListItem\",\"position\":3,\"name\":\"Dita Radihacker Optical Grey Crystal\"}]},{\"@type\":\"WebSite\",\"@id\":\"https:\\\/\\\/opticacanalejas.com\\\/en\\\/#website\",\"url\":\"https:\\\/\\\/opticacanalejas.com\\\/en\\\/\",\"name\":\"\u00d3ptica Canalejas\",\"description\":\"La \u00f3ptica del centro de Madrid con las colecciones m\u00e1s exclusivas. Gafas Moscot. Gafas Lunor. Gafas Akoni. Gafas Cartier. Gafas Serengeti. Gafas Matsuda. Horario L-V de 10:00 a 20:00. S\u00e1bados 10:00 a 14:00.\",\"publisher\":{\"@id\":\"https:\\\/\\\/opticacanalejas.com\\\/en\\\/#organization\"},\"potentialAction\":[{\"@type\":\"SearchAction\",\"target\":{\"@type\":\"EntryPoint\",\"urlTemplate\":\"https:\\\/\\\/opticacanalejas.com\\\/en\\\/?s={search_term_string}\"},\"query-input\":{\"@type\":\"PropertyValueSpecification\",\"valueRequired\":true,\"valueName\":\"search_term_string\"}}],\"inLanguage\":\"en-US\"},{\"@type\":\"Organization\",\"@id\":\"https:\\\/\\\/opticacanalejas.com\\\/en\\\/#organization\",\"name\":\"\u00d3ptica Canalejas\",\"url\":\"https:\\\/\\\/opticacanalejas.com\\\/en\\\/\",\"logo\":{\"@type\":\"ImageObject\",\"inLanguage\":\"en-US\",\"@id\":\"https:\\\/\\\/opticacanalejas.com\\\/en\\\/#\\\/schema\\\/logo\\\/image\\\/\",\"url\":\"https:\\\/\\\/opticacanalejas.com\\\/wp-content\\\/uploads\\\/2024\\\/07\\\/logo.png\",\"contentUrl\":\"https:\\\/\\\/opticacanalejas.com\\\/wp-content\\\/uploads\\\/2024\\\/07\\\/logo.png\",\"width\":143,\"height\":100,\"caption\":\"\u00d3ptica Canalejas\"},\"image\":{\"@id\":\"https:\\\/\\\/opticacanalejas.com\\\/en\\\/#\\\/schema\\\/logo\\\/image\\\/\"},\"sameAs\":[\"https:\\\/\\\/facebook.com\\\/opticacanalejas\\\/\"]}]}<\/script>\n<!-- \/ Yoast SEO plugin. -->","yoast_head_json":{"title":"Dita Radihacker Optical Grey Crystal - \u00d3ptica Canalejas | Madrid | Ver bien, elegir bien.","robots":{"index":"index","follow":"follow","max-snippet":"max-snippet:-1","max-image-preview":"max-image-preview:large","max-video-preview":"max-video-preview:-1"},"canonical":"https:\/\/opticacanalejas.com\/en\/producto\/dita-radihacker-optical-grey-crystal\/","og_locale":"en_US","og_type":"article","og_title":"Dita Radihacker Optical Grey Crystal - \u00d3ptica Canalejas | Madrid | Ver bien, elegir bien.","og_description":"RADIHACKER Optical presenta un frontal y unas varillas esculpidas con geometr\u00eda marcada y resistente, encapsulando una est\u00e9tica juvenil y moderna con gran fuerza visual. Meticulosamente perfeccionada con la bisagra exclusiva de DITA, con tornillos hexagonales de titanio (4-hex) y sistema de 3 cilindros, RADIHACKER logra una fusi\u00f3n impecable entre innovaci\u00f3n y sofisticaci\u00f3n. Disponible en tres colores: Black, Burnt Timber y Grey Crystal.","og_url":"https:\/\/opticacanalejas.com\/en\/producto\/dita-radihacker-optical-grey-crystal\/","og_site_name":"\u00d3ptica Canalejas | Madrid | Ver bien, elegir bien.","article_publisher":"https:\/\/facebook.com\/opticacanalejas\/","article_modified_time":"2025-08-06T19:31:18+00:00","twitter_card":"summary_large_image","schema":{"@context":"https:\/\/schema.org","@graph":[{"@type":"WebPage","@id":"https:\/\/opticacanalejas.com\/en\/producto\/dita-radihacker-optical-grey-crystal\/","url":"https:\/\/opticacanalejas.com\/en\/producto\/dita-radihacker-optical-grey-crystal\/","name":"Dita Radihacker Optical Grey Crystal - \u00d3ptica Canalejas | Madrid | Ver bien, elegir bien.","isPartOf":{"@id":"https:\/\/opticacanalejas.com\/en\/#website"},"primaryImageOfPage":{"@id":"https:\/\/opticacanalejas.com\/en\/producto\/dita-radihacker-optical-grey-crystal\/#primaryimage"},"image":{"@id":"https:\/\/opticacanalejas.com\/en\/producto\/dita-radihacker-optical-grey-crystal\/#primaryimage"},"thumbnailUrl":"https:\/\/opticacanalejas.com\/wp-content\/uploads\/2025\/08\/Radihacker-optical-Grey-Crystal-1.webp","datePublished":"2025-08-06T19:31:17+00:00","dateModified":"2025-08-06T19:31:18+00:00","breadcrumb":{"@id":"https:\/\/opticacanalejas.com\/en\/producto\/dita-radihacker-optical-grey-crystal\/#breadcrumb"},"inLanguage":"en-US","potentialAction":[{"@type":"ReadAction","target":["https:\/\/opticacanalejas.com\/en\/producto\/dita-radihacker-optical-grey-crystal\/"]}]},{"@type":"ImageObject","inLanguage":"en-US","@id":"https:\/\/opticacanalejas.com\/en\/producto\/dita-radihacker-optical-grey-crystal\/#primaryimage","url":"https:\/\/opticacanalejas.com\/wp-content\/uploads\/2025\/08\/Radihacker-optical-Grey-Crystal-1.webp","contentUrl":"https:\/\/opticacanalejas.com\/wp-content\/uploads\/2025\/08\/Radihacker-optical-Grey-Crystal-1.webp","width":1440,"height":920},{"@type":"BreadcrumbList","@id":"https:\/\/opticacanalejas.com\/en\/producto\/dita-radihacker-optical-grey-crystal\/#breadcrumb","itemListElement":[{"@type":"ListItem","position":1,"name":"Portada","item":"https:\/\/opticacanalejas.com\/en\/"},{"@type":"ListItem","position":2,"name":"Shop","item":"https:\/\/opticacanalejas.com\/en\/shop\/"},{"@type":"ListItem","position":3,"name":"Dita Radihacker Optical Grey Crystal"}]},{"@type":"WebSite","@id":"https:\/\/opticacanalejas.com\/en\/#website","url":"https:\/\/opticacanalejas.com\/en\/","name":"\u00d3ptica Canalejas","description":"La \u00f3ptica del centro de Madrid con las colecciones m\u00e1s exclusivas. Gafas Moscot. Gafas Lunor. Gafas Akoni. Gafas Cartier. Gafas Serengeti. Gafas Matsuda. Horario L-V de 10:00 a 20:00. S\u00e1bados 10:00 a 14:00.","publisher":{"@id":"https:\/\/opticacanalejas.com\/en\/#organization"},"potentialAction":[{"@type":"SearchAction","target":{"@type":"EntryPoint","urlTemplate":"https:\/\/opticacanalejas.com\/en\/?s={search_term_string}"},"query-input":{"@type":"PropertyValueSpecification","valueRequired":true,"valueName":"search_term_string"}}],"inLanguage":"en-US"},{"@type":"Organization","@id":"https:\/\/opticacanalejas.com\/en\/#organization","name":"\u00d3ptica Canalejas","url":"https:\/\/opticacanalejas.com\/en\/","logo":{"@type":"ImageObject","inLanguage":"en-US","@id":"https:\/\/opticacanalejas.com\/en\/#\/schema\/logo\/image\/","url":"https:\/\/opticacanalejas.com\/wp-content\/uploads\/2024\/07\/logo.png","contentUrl":"https:\/\/opticacanalejas.com\/wp-content\/uploads\/2024\/07\/logo.png","width":143,"height":100,"caption":"\u00d3ptica Canalejas"},"image":{"@id":"https:\/\/opticacanalejas.com\/en\/#\/schema\/logo\/image\/"},"sameAs":["https:\/\/facebook.com\/opticacanalejas\/"]}]}},"jetpack_sharing_enabled":true,"brands":[{"id":45,"name":"Dita","slug":"comprar-gafas-dita-en-madrid"}],"_links":{"self":[{"href":"https:\/\/opticacanalejas.com\/en\/wp-json\/wp\/v2\/product\/3167","targetHints":{"allow":["GET"]}}],"collection":[{"href":"https:\/\/opticacanalejas.com\/en\/wp-json\/wp\/v2\/product"}],"about":[{"href":"https:\/\/opticacanalejas.com\/en\/wp-json\/wp\/v2\/types\/product"}],"replies":[{"embeddable":true,"href":"https:\/\/opticacanalejas.com\/en\/wp-json\/wp\/v2\/comments?post=3167"}],"version-history":[{"count":0,"href":"https:\/\/opticacanalejas.com\/en\/wp-json\/wp\/v2\/product\/3167\/revisions"}],"wp:featuredmedia":[{"embeddable":true,"href":"https:\/\/opticacanalejas.com\/en\/wp-json\/wp\/v2\/media\/3038"}],"wp:attachment":[{"href":"https:\/\/opticacanalejas.com\/en\/wp-json\/wp\/v2\/media?parent=3167"}],"wp:term":[{"taxonomy":"pwb-brand","embeddable":true,"href":"https:\/\/opticacanalejas.com\/en\/wp-json\/wp\/v2\/pwb-brand?post=3167"},{"taxonomy":"product_brand","embeddable":true,"href":"https:\/\/opticacanalejas.com\/en\/wp-json\/wp\/v2\/product_brand?post=3167"},{"taxonomy":"product_cat","embeddable":true,"href":"https:\/\/opticacanalejas.com\/en\/wp-json\/wp\/v2\/product_cat?post=3167"},{"taxonomy":"product_tag","embeddable":true,"href":"https:\/\/opticacanalejas.com\/en\/wp-json\/wp\/v2\/product_tag?post=3167"}],"curies":[{"name":"wp","href":"https:\/\/api.w.org\/{rel}","templated":true}]}}