{"id":3161,"date":"2025-08-06T21:31:08","date_gmt":"2025-08-06T19:31:08","guid":{"rendered":"https:\/\/opticacanalejas.com\/?post_type=product&#038;p=3161"},"modified":"2025-08-06T21:31:14","modified_gmt":"2025-08-06T19:31:14","slug":"dita-triline-yellow-gold-black-iron","status":"publish","type":"product","link":"https:\/\/opticacanalejas.com\/en\/producto\/dita-triline-yellow-gold-black-iron\/","title":{"rendered":"Dita Triline Yellow Gold &#8211; Black Iron"},"content":{"rendered":"<p>Montura y varillas de titanio de alta calidad con detalles grabados con l\u00e1ser y l\u00edneas prensadas<\/p>\n<p>Barra superior flotante de titanio en una sola pieza<\/p>\n<p>Bisagra de titanio en dos piezas con inserci\u00f3n angular de esmalte y detalle de l\u00edneas prensadas<\/p>\n<p>Varillas de titanio con perfiles m\u00faltiples, l\u00edneas prensadas y terminales decorados con esmalte<\/p>\n<p>Plaquetas nasales personalizadas de titanio con detalle prensado en forma de diamante<\/p>\n<p>Lentes con protecci\u00f3n 100% UVA y UVB y tratamiento antirreflejante<\/p>\n<p>Fabricadas en Jap\u00f3n<\/p>\n","protected":false},"excerpt":{"rendered":"<p>TRILINE representa una evoluci\u00f3n calculada dentro del legado t\u00e9cnico de DITA: una silueta \u00f3ptica que toma como punto de partida la sofisticaci\u00f3n arquitect\u00f3nica del modelo MARQUIS, y la lleva a un nuevo terreno de estructura y precisi\u00f3n.<\/p>\n<p>Definida por una barra superior flotante de titanio en una sola pieza, TRILINE impone presencia con una m\u00ednima masa visual. La montura est\u00e1 fabricada en titanio de alta calidad, con detalles grabados con l\u00e1ser y l\u00edneas prensadas que aportan profundidad tonal y tensi\u00f3n visual en todo su dise\u00f1o.<\/p>\n<p>Una bisagra personalizada en dos piezas, con inserciones angulares de esmalte, crea un contraste din\u00e1mico entre ingenier\u00eda y ornamentaci\u00f3n. Las varillas de titanio, de perfiles m\u00faltiples, se afinan hacia los terminales decorados con esmalte, ofreciendo un agarre funcional y una claridad est\u00e9tica impecable.<\/p>\n<p>Cada l\u00ednea en TRILINE est\u00e1 cuidadosamente pensada; cada borde, deliberadamente definido. Es una montura dise\u00f1ada para habitar el punto exacto entre la disciplina y la expresi\u00f3n \u2014 creada con convicci\u00f3n.<\/p>\n","protected":false},"featured_media":3068,"comment_status":"open","ping_status":"closed","template":"","meta":[],"pwb-brand":[45],"product_brand":[],"product_cat":[39],"product_tag":[],"class_list":{"0":"post-3161","1":"product","2":"type-product","3":"status-publish","4":"has-post-thumbnail","6":"pwb-brand-comprar-gafas-dita-en-madrid","7":"product_cat-gafas-graduadas","9":"first","10":"instock","11":"taxable","12":"shipping-taxable","13":"purchasable","14":"product-type-simple"},"yoast_head":"<!-- This site is optimized with the Yoast SEO plugin v27.4 - https:\/\/yoast.com\/product\/yoast-seo-wordpress\/ -->\n<title>Dita Triline Yellow Gold - Black Iron - \u00d3ptica Canalejas | Madrid | Ver bien, elegir bien.<\/title>\n<meta name=\"robots\" content=\"index, follow, max-snippet:-1, max-image-preview:large, max-video-preview:-1\" \/>\n<link rel=\"canonical\" href=\"https:\/\/opticacanalejas.com\/en\/producto\/dita-triline-yellow-gold-black-iron\/\" \/>\n<meta property=\"og:locale\" content=\"en_US\" \/>\n<meta property=\"og:type\" content=\"article\" \/>\n<meta property=\"og:title\" content=\"Dita Triline Yellow Gold - Black Iron - \u00d3ptica Canalejas | Madrid | Ver bien, elegir bien.\" \/>\n<meta property=\"og:description\" content=\"TRILINE representa una evoluci\u00f3n calculada dentro del legado t\u00e9cnico de DITA: una silueta \u00f3ptica que toma como punto de partida la sofisticaci\u00f3n arquitect\u00f3nica del modelo MARQUIS, y la lleva a un nuevo terreno de estructura y precisi\u00f3n. Definida por una barra superior flotante de titanio en una sola pieza, TRILINE impone presencia con una m\u00ednima masa visual. La montura est\u00e1 fabricada en titanio de alta calidad, con detalles grabados con l\u00e1ser y l\u00edneas prensadas que aportan profundidad tonal y tensi\u00f3n visual en todo su dise\u00f1o. Una bisagra personalizada en dos piezas, con inserciones angulares de esmalte, crea un contraste din\u00e1mico entre ingenier\u00eda y ornamentaci\u00f3n. Las varillas de titanio, de perfiles m\u00faltiples, se afinan hacia los terminales decorados con esmalte, ofreciendo un agarre funcional y una claridad est\u00e9tica impecable. Cada l\u00ednea en TRILINE est\u00e1 cuidadosamente pensada; cada borde, deliberadamente definido. Es una montura dise\u00f1ada para habitar el punto exacto entre la disciplina y la expresi\u00f3n \u2014 creada con convicci\u00f3n.\" \/>\n<meta property=\"og:url\" content=\"https:\/\/opticacanalejas.com\/en\/producto\/dita-triline-yellow-gold-black-iron\/\" \/>\n<meta property=\"og:site_name\" content=\"\u00d3ptica Canalejas | Madrid | Ver bien, elegir bien.\" \/>\n<meta property=\"article:publisher\" content=\"https:\/\/facebook.com\/opticacanalejas\/\" \/>\n<meta property=\"article:modified_time\" content=\"2025-08-06T19:31:14+00:00\" \/>\n<meta name=\"twitter:card\" content=\"summary_large_image\" \/>\n<script type=\"application\/ld+json\" class=\"yoast-schema-graph\">{\"@context\":\"https:\\\/\\\/schema.org\",\"@graph\":[{\"@type\":\"WebPage\",\"@id\":\"https:\\\/\\\/opticacanalejas.com\\\/en\\\/producto\\\/dita-triline-yellow-gold-black-iron\\\/\",\"url\":\"https:\\\/\\\/opticacanalejas.com\\\/en\\\/producto\\\/dita-triline-yellow-gold-black-iron\\\/\",\"name\":\"Dita Triline Yellow Gold - Black Iron - \u00d3ptica Canalejas | Madrid | Ver bien, elegir bien.\",\"isPartOf\":{\"@id\":\"https:\\\/\\\/opticacanalejas.com\\\/en\\\/#website\"},\"primaryImageOfPage\":{\"@id\":\"https:\\\/\\\/opticacanalejas.com\\\/en\\\/producto\\\/dita-triline-yellow-gold-black-iron\\\/#primaryimage\"},\"image\":{\"@id\":\"https:\\\/\\\/opticacanalejas.com\\\/en\\\/producto\\\/dita-triline-yellow-gold-black-iron\\\/#primaryimage\"},\"thumbnailUrl\":\"https:\\\/\\\/opticacanalejas.com\\\/wp-content\\\/uploads\\\/2025\\\/08\\\/Triline-Yellow-Gold-Black-Iron-1.webp\",\"datePublished\":\"2025-08-06T19:31:08+00:00\",\"dateModified\":\"2025-08-06T19:31:14+00:00\",\"breadcrumb\":{\"@id\":\"https:\\\/\\\/opticacanalejas.com\\\/en\\\/producto\\\/dita-triline-yellow-gold-black-iron\\\/#breadcrumb\"},\"inLanguage\":\"en-US\",\"potentialAction\":[{\"@type\":\"ReadAction\",\"target\":[\"https:\\\/\\\/opticacanalejas.com\\\/en\\\/producto\\\/dita-triline-yellow-gold-black-iron\\\/\"]}]},{\"@type\":\"ImageObject\",\"inLanguage\":\"en-US\",\"@id\":\"https:\\\/\\\/opticacanalejas.com\\\/en\\\/producto\\\/dita-triline-yellow-gold-black-iron\\\/#primaryimage\",\"url\":\"https:\\\/\\\/opticacanalejas.com\\\/wp-content\\\/uploads\\\/2025\\\/08\\\/Triline-Yellow-Gold-Black-Iron-1.webp\",\"contentUrl\":\"https:\\\/\\\/opticacanalejas.com\\\/wp-content\\\/uploads\\\/2025\\\/08\\\/Triline-Yellow-Gold-Black-Iron-1.webp\",\"width\":1800,\"height\":1150},{\"@type\":\"BreadcrumbList\",\"@id\":\"https:\\\/\\\/opticacanalejas.com\\\/en\\\/producto\\\/dita-triline-yellow-gold-black-iron\\\/#breadcrumb\",\"itemListElement\":[{\"@type\":\"ListItem\",\"position\":1,\"name\":\"Portada\",\"item\":\"https:\\\/\\\/opticacanalejas.com\\\/en\\\/\"},{\"@type\":\"ListItem\",\"position\":2,\"name\":\"Shop\",\"item\":\"https:\\\/\\\/opticacanalejas.com\\\/en\\\/shop\\\/\"},{\"@type\":\"ListItem\",\"position\":3,\"name\":\"Dita Triline Yellow Gold &#8211; Black Iron\"}]},{\"@type\":\"WebSite\",\"@id\":\"https:\\\/\\\/opticacanalejas.com\\\/en\\\/#website\",\"url\":\"https:\\\/\\\/opticacanalejas.com\\\/en\\\/\",\"name\":\"\u00d3ptica Canalejas\",\"description\":\"La \u00f3ptica del centro de Madrid con las colecciones m\u00e1s exclusivas. Gafas Moscot. Gafas Lunor. Gafas Akoni. Gafas Cartier. Gafas Serengeti. Gafas Matsuda. Horario L-V de 10:00 a 20:00. S\u00e1bados 10:00 a 14:00.\",\"publisher\":{\"@id\":\"https:\\\/\\\/opticacanalejas.com\\\/en\\\/#organization\"},\"potentialAction\":[{\"@type\":\"SearchAction\",\"target\":{\"@type\":\"EntryPoint\",\"urlTemplate\":\"https:\\\/\\\/opticacanalejas.com\\\/en\\\/?s={search_term_string}\"},\"query-input\":{\"@type\":\"PropertyValueSpecification\",\"valueRequired\":true,\"valueName\":\"search_term_string\"}}],\"inLanguage\":\"en-US\"},{\"@type\":\"Organization\",\"@id\":\"https:\\\/\\\/opticacanalejas.com\\\/en\\\/#organization\",\"name\":\"\u00d3ptica Canalejas\",\"url\":\"https:\\\/\\\/opticacanalejas.com\\\/en\\\/\",\"logo\":{\"@type\":\"ImageObject\",\"inLanguage\":\"en-US\",\"@id\":\"https:\\\/\\\/opticacanalejas.com\\\/en\\\/#\\\/schema\\\/logo\\\/image\\\/\",\"url\":\"https:\\\/\\\/opticacanalejas.com\\\/wp-content\\\/uploads\\\/2024\\\/07\\\/logo.png\",\"contentUrl\":\"https:\\\/\\\/opticacanalejas.com\\\/wp-content\\\/uploads\\\/2024\\\/07\\\/logo.png\",\"width\":143,\"height\":100,\"caption\":\"\u00d3ptica Canalejas\"},\"image\":{\"@id\":\"https:\\\/\\\/opticacanalejas.com\\\/en\\\/#\\\/schema\\\/logo\\\/image\\\/\"},\"sameAs\":[\"https:\\\/\\\/facebook.com\\\/opticacanalejas\\\/\"]}]}<\/script>\n<!-- \/ Yoast SEO plugin. -->","yoast_head_json":{"title":"Dita Triline Yellow Gold - Black Iron - \u00d3ptica Canalejas | Madrid | Ver bien, elegir bien.","robots":{"index":"index","follow":"follow","max-snippet":"max-snippet:-1","max-image-preview":"max-image-preview:large","max-video-preview":"max-video-preview:-1"},"canonical":"https:\/\/opticacanalejas.com\/en\/producto\/dita-triline-yellow-gold-black-iron\/","og_locale":"en_US","og_type":"article","og_title":"Dita Triline Yellow Gold - Black Iron - \u00d3ptica Canalejas | Madrid | Ver bien, elegir bien.","og_description":"TRILINE representa una evoluci\u00f3n calculada dentro del legado t\u00e9cnico de DITA: una silueta \u00f3ptica que toma como punto de partida la sofisticaci\u00f3n arquitect\u00f3nica del modelo MARQUIS, y la lleva a un nuevo terreno de estructura y precisi\u00f3n. Definida por una barra superior flotante de titanio en una sola pieza, TRILINE impone presencia con una m\u00ednima masa visual. La montura est\u00e1 fabricada en titanio de alta calidad, con detalles grabados con l\u00e1ser y l\u00edneas prensadas que aportan profundidad tonal y tensi\u00f3n visual en todo su dise\u00f1o. Una bisagra personalizada en dos piezas, con inserciones angulares de esmalte, crea un contraste din\u00e1mico entre ingenier\u00eda y ornamentaci\u00f3n. Las varillas de titanio, de perfiles m\u00faltiples, se afinan hacia los terminales decorados con esmalte, ofreciendo un agarre funcional y una claridad est\u00e9tica impecable. Cada l\u00ednea en TRILINE est\u00e1 cuidadosamente pensada; cada borde, deliberadamente definido. Es una montura dise\u00f1ada para habitar el punto exacto entre la disciplina y la expresi\u00f3n \u2014 creada con convicci\u00f3n.","og_url":"https:\/\/opticacanalejas.com\/en\/producto\/dita-triline-yellow-gold-black-iron\/","og_site_name":"\u00d3ptica Canalejas | Madrid | Ver bien, elegir bien.","article_publisher":"https:\/\/facebook.com\/opticacanalejas\/","article_modified_time":"2025-08-06T19:31:14+00:00","twitter_card":"summary_large_image","schema":{"@context":"https:\/\/schema.org","@graph":[{"@type":"WebPage","@id":"https:\/\/opticacanalejas.com\/en\/producto\/dita-triline-yellow-gold-black-iron\/","url":"https:\/\/opticacanalejas.com\/en\/producto\/dita-triline-yellow-gold-black-iron\/","name":"Dita Triline Yellow Gold - Black Iron - \u00d3ptica Canalejas | Madrid | Ver bien, elegir bien.","isPartOf":{"@id":"https:\/\/opticacanalejas.com\/en\/#website"},"primaryImageOfPage":{"@id":"https:\/\/opticacanalejas.com\/en\/producto\/dita-triline-yellow-gold-black-iron\/#primaryimage"},"image":{"@id":"https:\/\/opticacanalejas.com\/en\/producto\/dita-triline-yellow-gold-black-iron\/#primaryimage"},"thumbnailUrl":"https:\/\/opticacanalejas.com\/wp-content\/uploads\/2025\/08\/Triline-Yellow-Gold-Black-Iron-1.webp","datePublished":"2025-08-06T19:31:08+00:00","dateModified":"2025-08-06T19:31:14+00:00","breadcrumb":{"@id":"https:\/\/opticacanalejas.com\/en\/producto\/dita-triline-yellow-gold-black-iron\/#breadcrumb"},"inLanguage":"en-US","potentialAction":[{"@type":"ReadAction","target":["https:\/\/opticacanalejas.com\/en\/producto\/dita-triline-yellow-gold-black-iron\/"]}]},{"@type":"ImageObject","inLanguage":"en-US","@id":"https:\/\/opticacanalejas.com\/en\/producto\/dita-triline-yellow-gold-black-iron\/#primaryimage","url":"https:\/\/opticacanalejas.com\/wp-content\/uploads\/2025\/08\/Triline-Yellow-Gold-Black-Iron-1.webp","contentUrl":"https:\/\/opticacanalejas.com\/wp-content\/uploads\/2025\/08\/Triline-Yellow-Gold-Black-Iron-1.webp","width":1800,"height":1150},{"@type":"BreadcrumbList","@id":"https:\/\/opticacanalejas.com\/en\/producto\/dita-triline-yellow-gold-black-iron\/#breadcrumb","itemListElement":[{"@type":"ListItem","position":1,"name":"Portada","item":"https:\/\/opticacanalejas.com\/en\/"},{"@type":"ListItem","position":2,"name":"Shop","item":"https:\/\/opticacanalejas.com\/en\/shop\/"},{"@type":"ListItem","position":3,"name":"Dita Triline Yellow Gold &#8211; Black Iron"}]},{"@type":"WebSite","@id":"https:\/\/opticacanalejas.com\/en\/#website","url":"https:\/\/opticacanalejas.com\/en\/","name":"\u00d3ptica Canalejas","description":"La \u00f3ptica del centro de Madrid con las colecciones m\u00e1s exclusivas. Gafas Moscot. Gafas Lunor. Gafas Akoni. Gafas Cartier. Gafas Serengeti. Gafas Matsuda. Horario L-V de 10:00 a 20:00. S\u00e1bados 10:00 a 14:00.","publisher":{"@id":"https:\/\/opticacanalejas.com\/en\/#organization"},"potentialAction":[{"@type":"SearchAction","target":{"@type":"EntryPoint","urlTemplate":"https:\/\/opticacanalejas.com\/en\/?s={search_term_string}"},"query-input":{"@type":"PropertyValueSpecification","valueRequired":true,"valueName":"search_term_string"}}],"inLanguage":"en-US"},{"@type":"Organization","@id":"https:\/\/opticacanalejas.com\/en\/#organization","name":"\u00d3ptica Canalejas","url":"https:\/\/opticacanalejas.com\/en\/","logo":{"@type":"ImageObject","inLanguage":"en-US","@id":"https:\/\/opticacanalejas.com\/en\/#\/schema\/logo\/image\/","url":"https:\/\/opticacanalejas.com\/wp-content\/uploads\/2024\/07\/logo.png","contentUrl":"https:\/\/opticacanalejas.com\/wp-content\/uploads\/2024\/07\/logo.png","width":143,"height":100,"caption":"\u00d3ptica Canalejas"},"image":{"@id":"https:\/\/opticacanalejas.com\/en\/#\/schema\/logo\/image\/"},"sameAs":["https:\/\/facebook.com\/opticacanalejas\/"]}]}},"jetpack_sharing_enabled":true,"brands":[{"id":45,"name":"Dita","slug":"comprar-gafas-dita-en-madrid"}],"_links":{"self":[{"href":"https:\/\/opticacanalejas.com\/en\/wp-json\/wp\/v2\/product\/3161","targetHints":{"allow":["GET"]}}],"collection":[{"href":"https:\/\/opticacanalejas.com\/en\/wp-json\/wp\/v2\/product"}],"about":[{"href":"https:\/\/opticacanalejas.com\/en\/wp-json\/wp\/v2\/types\/product"}],"replies":[{"embeddable":true,"href":"https:\/\/opticacanalejas.com\/en\/wp-json\/wp\/v2\/comments?post=3161"}],"version-history":[{"count":0,"href":"https:\/\/opticacanalejas.com\/en\/wp-json\/wp\/v2\/product\/3161\/revisions"}],"wp:featuredmedia":[{"embeddable":true,"href":"https:\/\/opticacanalejas.com\/en\/wp-json\/wp\/v2\/media\/3068"}],"wp:attachment":[{"href":"https:\/\/opticacanalejas.com\/en\/wp-json\/wp\/v2\/media?parent=3161"}],"wp:term":[{"taxonomy":"pwb-brand","embeddable":true,"href":"https:\/\/opticacanalejas.com\/en\/wp-json\/wp\/v2\/pwb-brand?post=3161"},{"taxonomy":"product_brand","embeddable":true,"href":"https:\/\/opticacanalejas.com\/en\/wp-json\/wp\/v2\/product_brand?post=3161"},{"taxonomy":"product_cat","embeddable":true,"href":"https:\/\/opticacanalejas.com\/en\/wp-json\/wp\/v2\/product_cat?post=3161"},{"taxonomy":"product_tag","embeddable":true,"href":"https:\/\/opticacanalejas.com\/en\/wp-json\/wp\/v2\/product_tag?post=3161"}],"curies":[{"name":"wp","href":"https:\/\/api.w.org\/{rel}","templated":true}]}}