{"id":3159,"date":"2025-08-06T21:31:08","date_gmt":"2025-08-06T19:31:08","guid":{"rendered":"https:\/\/opticacanalejas.com\/?post_type=product&#038;p=3159"},"modified":"2025-08-06T21:31:14","modified_gmt":"2025-08-06T19:31:14","slug":"dita-artoa-13-antique-silver","status":"publish","type":"product","link":"https:\/\/opticacanalejas.com\/en\/producto\/dita-artoa-13-antique-silver\/","title":{"rendered":"Dita Artoa.13 Antique Silver"},"content":{"rendered":"<p>Montura y varillas de titanio de alta calidad con dise\u00f1o semi al aire<\/p>\n<p>Detalle de doble l\u00ednea prensada en el aro de las lentes<\/p>\n<p>Plaquetas nasales personalizadas de titanio con detalle prensado en forma de diamante<\/p>\n<p>Varillas de titanio ligeras con terminales decorados con esmalte elegantemente incrustado<\/p>\n<p>Lentes con protecci\u00f3n 100% UVA y UVB y tratamiento antirreflejante<\/p>\n<p>Fabricadas en Jap\u00f3n<\/p>\n","protected":false},"excerpt":{"rendered":"<p>La serie ARTOA contin\u00faa su legado de \u201csimplicidad esculpida\u201d con ARTOA.13, una silueta \u00f3ptica que refina la forma navigator a trav\u00e9s de una visi\u00f3n de ingenier\u00eda minimalista.<\/p>\n<p>Fabricada en titanio japon\u00e9s ultraligero, ARTOA.13 presenta una elegante construcci\u00f3n semi al aire (half-rim) que acent\u00faa su silueta arquitect\u00f3nica al tiempo que reduce el peso visual. Un detalle de doble l\u00ednea prensada en el aro aporta profundidad y rinde un sutil homenaje a la meticulosa artesan\u00eda que define a la serie ARTOA.<\/p>\n<p>Las varillas est\u00e1n esculpidas para ofrecer una experiencia de uso casi ingr\u00e1vida, rematadas con terminales decorados con esmalte incrustado, en sinton\u00eda con la combinaci\u00f3n de forma y funcionalidad caracter\u00edstica de la colecci\u00f3n. Las plaquetas nasales personalizadas de titanio, con detalle prensado en forma de diamante, garantizan un ajuste preciso y casi imperceptible.<\/p>\n","protected":false},"featured_media":2834,"comment_status":"open","ping_status":"closed","template":"","meta":[],"pwb-brand":[45],"product_brand":[],"product_cat":[20],"product_tag":[],"class_list":{"0":"post-3159","1":"product","2":"type-product","3":"status-publish","4":"has-post-thumbnail","6":"pwb-brand-comprar-gafas-dita-en-madrid","7":"product_cat-gafas-de-sol","9":"first","10":"instock","11":"taxable","12":"shipping-taxable","13":"purchasable","14":"product-type-simple"},"yoast_head":"<!-- This site is optimized with the Yoast SEO plugin v27.4 - https:\/\/yoast.com\/product\/yoast-seo-wordpress\/ -->\n<title>Dita Artoa.13 Antique Silver - \u00d3ptica Canalejas | Madrid | Ver bien, elegir bien.<\/title>\n<meta name=\"robots\" content=\"index, follow, max-snippet:-1, max-image-preview:large, max-video-preview:-1\" \/>\n<link rel=\"canonical\" href=\"https:\/\/opticacanalejas.com\/en\/producto\/dita-artoa-13-antique-silver\/\" \/>\n<meta property=\"og:locale\" content=\"en_US\" \/>\n<meta property=\"og:type\" content=\"article\" \/>\n<meta property=\"og:title\" content=\"Dita Artoa.13 Antique Silver - \u00d3ptica Canalejas | Madrid | Ver bien, elegir bien.\" \/>\n<meta property=\"og:description\" content=\"La serie ARTOA contin\u00faa su legado de \u201csimplicidad esculpida\u201d con ARTOA.13, una silueta \u00f3ptica que refina la forma navigator a trav\u00e9s de una visi\u00f3n de ingenier\u00eda minimalista. Fabricada en titanio japon\u00e9s ultraligero, ARTOA.13 presenta una elegante construcci\u00f3n semi al aire (half-rim) que acent\u00faa su silueta arquitect\u00f3nica al tiempo que reduce el peso visual. Un detalle de doble l\u00ednea prensada en el aro aporta profundidad y rinde un sutil homenaje a la meticulosa artesan\u00eda que define a la serie ARTOA. Las varillas est\u00e1n esculpidas para ofrecer una experiencia de uso casi ingr\u00e1vida, rematadas con terminales decorados con esmalte incrustado, en sinton\u00eda con la combinaci\u00f3n de forma y funcionalidad caracter\u00edstica de la colecci\u00f3n. Las plaquetas nasales personalizadas de titanio, con detalle prensado en forma de diamante, garantizan un ajuste preciso y casi imperceptible.\" \/>\n<meta property=\"og:url\" content=\"https:\/\/opticacanalejas.com\/en\/producto\/dita-artoa-13-antique-silver\/\" \/>\n<meta property=\"og:site_name\" content=\"\u00d3ptica Canalejas | Madrid | Ver bien, elegir bien.\" \/>\n<meta property=\"article:publisher\" content=\"https:\/\/facebook.com\/opticacanalejas\/\" \/>\n<meta property=\"article:modified_time\" content=\"2025-08-06T19:31:14+00:00\" \/>\n<meta name=\"twitter:card\" content=\"summary_large_image\" \/>\n<script type=\"application\/ld+json\" class=\"yoast-schema-graph\">{\"@context\":\"https:\\\/\\\/schema.org\",\"@graph\":[{\"@type\":\"WebPage\",\"@id\":\"https:\\\/\\\/opticacanalejas.com\\\/en\\\/producto\\\/dita-artoa-13-antique-silver\\\/\",\"url\":\"https:\\\/\\\/opticacanalejas.com\\\/en\\\/producto\\\/dita-artoa-13-antique-silver\\\/\",\"name\":\"Dita Artoa.13 Antique Silver - \u00d3ptica Canalejas | Madrid | Ver bien, elegir bien.\",\"isPartOf\":{\"@id\":\"https:\\\/\\\/opticacanalejas.com\\\/en\\\/#website\"},\"primaryImageOfPage\":{\"@id\":\"https:\\\/\\\/opticacanalejas.com\\\/en\\\/producto\\\/dita-artoa-13-antique-silver\\\/#primaryimage\"},\"image\":{\"@id\":\"https:\\\/\\\/opticacanalejas.com\\\/en\\\/producto\\\/dita-artoa-13-antique-silver\\\/#primaryimage\"},\"thumbnailUrl\":\"https:\\\/\\\/opticacanalejas.com\\\/wp-content\\\/uploads\\\/2025\\\/08\\\/Artoa.13-Antique-Silver-1.webp\",\"datePublished\":\"2025-08-06T19:31:08+00:00\",\"dateModified\":\"2025-08-06T19:31:14+00:00\",\"breadcrumb\":{\"@id\":\"https:\\\/\\\/opticacanalejas.com\\\/en\\\/producto\\\/dita-artoa-13-antique-silver\\\/#breadcrumb\"},\"inLanguage\":\"en-US\",\"potentialAction\":[{\"@type\":\"ReadAction\",\"target\":[\"https:\\\/\\\/opticacanalejas.com\\\/en\\\/producto\\\/dita-artoa-13-antique-silver\\\/\"]}]},{\"@type\":\"ImageObject\",\"inLanguage\":\"en-US\",\"@id\":\"https:\\\/\\\/opticacanalejas.com\\\/en\\\/producto\\\/dita-artoa-13-antique-silver\\\/#primaryimage\",\"url\":\"https:\\\/\\\/opticacanalejas.com\\\/wp-content\\\/uploads\\\/2025\\\/08\\\/Artoa.13-Antique-Silver-1.webp\",\"contentUrl\":\"https:\\\/\\\/opticacanalejas.com\\\/wp-content\\\/uploads\\\/2025\\\/08\\\/Artoa.13-Antique-Silver-1.webp\",\"width\":1800,\"height\":1150},{\"@type\":\"BreadcrumbList\",\"@id\":\"https:\\\/\\\/opticacanalejas.com\\\/en\\\/producto\\\/dita-artoa-13-antique-silver\\\/#breadcrumb\",\"itemListElement\":[{\"@type\":\"ListItem\",\"position\":1,\"name\":\"Portada\",\"item\":\"https:\\\/\\\/opticacanalejas.com\\\/en\\\/\"},{\"@type\":\"ListItem\",\"position\":2,\"name\":\"Shop\",\"item\":\"https:\\\/\\\/opticacanalejas.com\\\/en\\\/shop\\\/\"},{\"@type\":\"ListItem\",\"position\":3,\"name\":\"Dita Artoa.13 Antique Silver\"}]},{\"@type\":\"WebSite\",\"@id\":\"https:\\\/\\\/opticacanalejas.com\\\/en\\\/#website\",\"url\":\"https:\\\/\\\/opticacanalejas.com\\\/en\\\/\",\"name\":\"\u00d3ptica Canalejas\",\"description\":\"La \u00f3ptica del centro de Madrid con las colecciones m\u00e1s exclusivas. Gafas Moscot. Gafas Lunor. Gafas Akoni. Gafas Cartier. Gafas Serengeti. Gafas Matsuda. Horario L-V de 10:00 a 20:00. S\u00e1bados 10:00 a 14:00.\",\"publisher\":{\"@id\":\"https:\\\/\\\/opticacanalejas.com\\\/en\\\/#organization\"},\"potentialAction\":[{\"@type\":\"SearchAction\",\"target\":{\"@type\":\"EntryPoint\",\"urlTemplate\":\"https:\\\/\\\/opticacanalejas.com\\\/en\\\/?s={search_term_string}\"},\"query-input\":{\"@type\":\"PropertyValueSpecification\",\"valueRequired\":true,\"valueName\":\"search_term_string\"}}],\"inLanguage\":\"en-US\"},{\"@type\":\"Organization\",\"@id\":\"https:\\\/\\\/opticacanalejas.com\\\/en\\\/#organization\",\"name\":\"\u00d3ptica Canalejas\",\"url\":\"https:\\\/\\\/opticacanalejas.com\\\/en\\\/\",\"logo\":{\"@type\":\"ImageObject\",\"inLanguage\":\"en-US\",\"@id\":\"https:\\\/\\\/opticacanalejas.com\\\/en\\\/#\\\/schema\\\/logo\\\/image\\\/\",\"url\":\"https:\\\/\\\/opticacanalejas.com\\\/wp-content\\\/uploads\\\/2024\\\/07\\\/logo.png\",\"contentUrl\":\"https:\\\/\\\/opticacanalejas.com\\\/wp-content\\\/uploads\\\/2024\\\/07\\\/logo.png\",\"width\":143,\"height\":100,\"caption\":\"\u00d3ptica Canalejas\"},\"image\":{\"@id\":\"https:\\\/\\\/opticacanalejas.com\\\/en\\\/#\\\/schema\\\/logo\\\/image\\\/\"},\"sameAs\":[\"https:\\\/\\\/facebook.com\\\/opticacanalejas\\\/\"]}]}<\/script>\n<!-- \/ Yoast SEO plugin. -->","yoast_head_json":{"title":"Dita Artoa.13 Antique Silver - \u00d3ptica Canalejas | Madrid | Ver bien, elegir bien.","robots":{"index":"index","follow":"follow","max-snippet":"max-snippet:-1","max-image-preview":"max-image-preview:large","max-video-preview":"max-video-preview:-1"},"canonical":"https:\/\/opticacanalejas.com\/en\/producto\/dita-artoa-13-antique-silver\/","og_locale":"en_US","og_type":"article","og_title":"Dita Artoa.13 Antique Silver - \u00d3ptica Canalejas | Madrid | Ver bien, elegir bien.","og_description":"La serie ARTOA contin\u00faa su legado de \u201csimplicidad esculpida\u201d con ARTOA.13, una silueta \u00f3ptica que refina la forma navigator a trav\u00e9s de una visi\u00f3n de ingenier\u00eda minimalista. Fabricada en titanio japon\u00e9s ultraligero, ARTOA.13 presenta una elegante construcci\u00f3n semi al aire (half-rim) que acent\u00faa su silueta arquitect\u00f3nica al tiempo que reduce el peso visual. Un detalle de doble l\u00ednea prensada en el aro aporta profundidad y rinde un sutil homenaje a la meticulosa artesan\u00eda que define a la serie ARTOA. Las varillas est\u00e1n esculpidas para ofrecer una experiencia de uso casi ingr\u00e1vida, rematadas con terminales decorados con esmalte incrustado, en sinton\u00eda con la combinaci\u00f3n de forma y funcionalidad caracter\u00edstica de la colecci\u00f3n. Las plaquetas nasales personalizadas de titanio, con detalle prensado en forma de diamante, garantizan un ajuste preciso y casi imperceptible.","og_url":"https:\/\/opticacanalejas.com\/en\/producto\/dita-artoa-13-antique-silver\/","og_site_name":"\u00d3ptica Canalejas | Madrid | Ver bien, elegir bien.","article_publisher":"https:\/\/facebook.com\/opticacanalejas\/","article_modified_time":"2025-08-06T19:31:14+00:00","twitter_card":"summary_large_image","schema":{"@context":"https:\/\/schema.org","@graph":[{"@type":"WebPage","@id":"https:\/\/opticacanalejas.com\/en\/producto\/dita-artoa-13-antique-silver\/","url":"https:\/\/opticacanalejas.com\/en\/producto\/dita-artoa-13-antique-silver\/","name":"Dita Artoa.13 Antique Silver - \u00d3ptica Canalejas | Madrid | Ver bien, elegir bien.","isPartOf":{"@id":"https:\/\/opticacanalejas.com\/en\/#website"},"primaryImageOfPage":{"@id":"https:\/\/opticacanalejas.com\/en\/producto\/dita-artoa-13-antique-silver\/#primaryimage"},"image":{"@id":"https:\/\/opticacanalejas.com\/en\/producto\/dita-artoa-13-antique-silver\/#primaryimage"},"thumbnailUrl":"https:\/\/opticacanalejas.com\/wp-content\/uploads\/2025\/08\/Artoa.13-Antique-Silver-1.webp","datePublished":"2025-08-06T19:31:08+00:00","dateModified":"2025-08-06T19:31:14+00:00","breadcrumb":{"@id":"https:\/\/opticacanalejas.com\/en\/producto\/dita-artoa-13-antique-silver\/#breadcrumb"},"inLanguage":"en-US","potentialAction":[{"@type":"ReadAction","target":["https:\/\/opticacanalejas.com\/en\/producto\/dita-artoa-13-antique-silver\/"]}]},{"@type":"ImageObject","inLanguage":"en-US","@id":"https:\/\/opticacanalejas.com\/en\/producto\/dita-artoa-13-antique-silver\/#primaryimage","url":"https:\/\/opticacanalejas.com\/wp-content\/uploads\/2025\/08\/Artoa.13-Antique-Silver-1.webp","contentUrl":"https:\/\/opticacanalejas.com\/wp-content\/uploads\/2025\/08\/Artoa.13-Antique-Silver-1.webp","width":1800,"height":1150},{"@type":"BreadcrumbList","@id":"https:\/\/opticacanalejas.com\/en\/producto\/dita-artoa-13-antique-silver\/#breadcrumb","itemListElement":[{"@type":"ListItem","position":1,"name":"Portada","item":"https:\/\/opticacanalejas.com\/en\/"},{"@type":"ListItem","position":2,"name":"Shop","item":"https:\/\/opticacanalejas.com\/en\/shop\/"},{"@type":"ListItem","position":3,"name":"Dita Artoa.13 Antique Silver"}]},{"@type":"WebSite","@id":"https:\/\/opticacanalejas.com\/en\/#website","url":"https:\/\/opticacanalejas.com\/en\/","name":"\u00d3ptica Canalejas","description":"La \u00f3ptica del centro de Madrid con las colecciones m\u00e1s exclusivas. Gafas Moscot. Gafas Lunor. Gafas Akoni. Gafas Cartier. Gafas Serengeti. Gafas Matsuda. Horario L-V de 10:00 a 20:00. S\u00e1bados 10:00 a 14:00.","publisher":{"@id":"https:\/\/opticacanalejas.com\/en\/#organization"},"potentialAction":[{"@type":"SearchAction","target":{"@type":"EntryPoint","urlTemplate":"https:\/\/opticacanalejas.com\/en\/?s={search_term_string}"},"query-input":{"@type":"PropertyValueSpecification","valueRequired":true,"valueName":"search_term_string"}}],"inLanguage":"en-US"},{"@type":"Organization","@id":"https:\/\/opticacanalejas.com\/en\/#organization","name":"\u00d3ptica Canalejas","url":"https:\/\/opticacanalejas.com\/en\/","logo":{"@type":"ImageObject","inLanguage":"en-US","@id":"https:\/\/opticacanalejas.com\/en\/#\/schema\/logo\/image\/","url":"https:\/\/opticacanalejas.com\/wp-content\/uploads\/2024\/07\/logo.png","contentUrl":"https:\/\/opticacanalejas.com\/wp-content\/uploads\/2024\/07\/logo.png","width":143,"height":100,"caption":"\u00d3ptica Canalejas"},"image":{"@id":"https:\/\/opticacanalejas.com\/en\/#\/schema\/logo\/image\/"},"sameAs":["https:\/\/facebook.com\/opticacanalejas\/"]}]}},"jetpack_sharing_enabled":true,"brands":[{"id":45,"name":"Dita","slug":"comprar-gafas-dita-en-madrid"}],"_links":{"self":[{"href":"https:\/\/opticacanalejas.com\/en\/wp-json\/wp\/v2\/product\/3159","targetHints":{"allow":["GET"]}}],"collection":[{"href":"https:\/\/opticacanalejas.com\/en\/wp-json\/wp\/v2\/product"}],"about":[{"href":"https:\/\/opticacanalejas.com\/en\/wp-json\/wp\/v2\/types\/product"}],"replies":[{"embeddable":true,"href":"https:\/\/opticacanalejas.com\/en\/wp-json\/wp\/v2\/comments?post=3159"}],"version-history":[{"count":0,"href":"https:\/\/opticacanalejas.com\/en\/wp-json\/wp\/v2\/product\/3159\/revisions"}],"wp:featuredmedia":[{"embeddable":true,"href":"https:\/\/opticacanalejas.com\/en\/wp-json\/wp\/v2\/media\/2834"}],"wp:attachment":[{"href":"https:\/\/opticacanalejas.com\/en\/wp-json\/wp\/v2\/media?parent=3159"}],"wp:term":[{"taxonomy":"pwb-brand","embeddable":true,"href":"https:\/\/opticacanalejas.com\/en\/wp-json\/wp\/v2\/pwb-brand?post=3159"},{"taxonomy":"product_brand","embeddable":true,"href":"https:\/\/opticacanalejas.com\/en\/wp-json\/wp\/v2\/product_brand?post=3159"},{"taxonomy":"product_cat","embeddable":true,"href":"https:\/\/opticacanalejas.com\/en\/wp-json\/wp\/v2\/product_cat?post=3159"},{"taxonomy":"product_tag","embeddable":true,"href":"https:\/\/opticacanalejas.com\/en\/wp-json\/wp\/v2\/product_tag?post=3159"}],"curies":[{"name":"wp","href":"https:\/\/api.w.org\/{rel}","templated":true}]}}