{"id":3155,"date":"2025-08-06T21:31:08","date_gmt":"2025-08-06T19:31:08","guid":{"rendered":"https:\/\/opticacanalejas.com\/?post_type=product&#038;p=3155"},"modified":"2025-08-06T21:31:13","modified_gmt":"2025-08-06T19:31:13","slug":"dita-buckeye-matte-black-yellow-gold","status":"publish","type":"product","link":"https:\/\/opticacanalejas.com\/en\/producto\/dita-buckeye-matte-black-yellow-gold\/","title":{"rendered":"Dita Buckeye (+) Matte Black &#8211; Yellow Gold"},"content":{"rendered":"<p>Frontal de acetato japon\u00e9s ultrafino y ligero<\/p>\n<p>Puente en forma de cerradura<\/p>\n<p>Varillas de titanio con detalle prensado y acabado bicolor<\/p>\n<p>Bisagras exclusivas de DITA con tornillos hexagonales<\/p>\n<p>Plaquetas nasales personalizadas de titanio con detalle prensado en forma de diamante<\/p>\n<p>Fabricadas en Jap\u00f3n<\/p>\n","protected":false},"excerpt":{"rendered":"<p>BUCKEYE(+) parte de la perfecci\u00f3n.<br \/>\nUna versi\u00f3n actualizada del ic\u00f3nico modelo \u00f3ptico BUCKEYE de DITA, nacida del profundo respeto por la visi\u00f3n japonesa de combinar lo esencial con la belleza. Su dise\u00f1o se inspira en la tsuba, el elemento fundamental en el montaje de una espada japonesa, que a menudo presenta detalles altamente decorativos.<\/p>\n<p>BUCKEYE(+) une la ligereza de una montura \u00f3ptica minimalista con una est\u00e9tica refinada, sin renunciar al estilo. Presenta un frontal de acetato japon\u00e9s ultraligero en nuevas tonalidades y varillas de titanio bicolor redise\u00f1adas.<\/p>\n<p>Fiel al alma de DITA, la silueta cl\u00e1sica pero contempor\u00e1nea de BUCKEYE(+) incorpora un elegante puente en forma de cerradura, acentuado por la belleza funcional del sistema de tornillos hexagonales exclusivo de la marca.<\/p>\n","protected":false},"featured_media":2880,"comment_status":"open","ping_status":"closed","template":"","meta":[],"pwb-brand":[45],"product_brand":[],"product_cat":[39],"product_tag":[],"class_list":{"0":"post-3155","1":"product","2":"type-product","3":"status-publish","4":"has-post-thumbnail","6":"pwb-brand-comprar-gafas-dita-en-madrid","7":"product_cat-gafas-graduadas","9":"first","10":"instock","11":"taxable","12":"shipping-taxable","13":"purchasable","14":"product-type-simple"},"yoast_head":"<!-- This site is optimized with the Yoast SEO plugin v27.4 - https:\/\/yoast.com\/product\/yoast-seo-wordpress\/ -->\n<title>Dita Buckeye (+) Matte Black - Yellow Gold - \u00d3ptica Canalejas | Madrid | Ver bien, elegir bien.<\/title>\n<meta name=\"robots\" content=\"index, follow, max-snippet:-1, max-image-preview:large, max-video-preview:-1\" \/>\n<link rel=\"canonical\" href=\"https:\/\/opticacanalejas.com\/en\/producto\/dita-buckeye-matte-black-yellow-gold\/\" \/>\n<meta property=\"og:locale\" content=\"en_US\" \/>\n<meta property=\"og:type\" content=\"article\" \/>\n<meta property=\"og:title\" content=\"Dita Buckeye (+) Matte Black - Yellow Gold - \u00d3ptica Canalejas | Madrid | Ver bien, elegir bien.\" \/>\n<meta property=\"og:description\" content=\"BUCKEYE(+) parte de la perfecci\u00f3n. Una versi\u00f3n actualizada del ic\u00f3nico modelo \u00f3ptico BUCKEYE de DITA, nacida del profundo respeto por la visi\u00f3n japonesa de combinar lo esencial con la belleza. Su dise\u00f1o se inspira en la tsuba, el elemento fundamental en el montaje de una espada japonesa, que a menudo presenta detalles altamente decorativos. BUCKEYE(+) une la ligereza de una montura \u00f3ptica minimalista con una est\u00e9tica refinada, sin renunciar al estilo. Presenta un frontal de acetato japon\u00e9s ultraligero en nuevas tonalidades y varillas de titanio bicolor redise\u00f1adas. Fiel al alma de DITA, la silueta cl\u00e1sica pero contempor\u00e1nea de BUCKEYE(+) incorpora un elegante puente en forma de cerradura, acentuado por la belleza funcional del sistema de tornillos hexagonales exclusivo de la marca.\" \/>\n<meta property=\"og:url\" content=\"https:\/\/opticacanalejas.com\/en\/producto\/dita-buckeye-matte-black-yellow-gold\/\" \/>\n<meta property=\"og:site_name\" content=\"\u00d3ptica Canalejas | Madrid | Ver bien, elegir bien.\" \/>\n<meta property=\"article:publisher\" content=\"https:\/\/facebook.com\/opticacanalejas\/\" \/>\n<meta property=\"article:modified_time\" content=\"2025-08-06T19:31:13+00:00\" \/>\n<meta name=\"twitter:card\" content=\"summary_large_image\" \/>\n<script type=\"application\/ld+json\" class=\"yoast-schema-graph\">{\"@context\":\"https:\\\/\\\/schema.org\",\"@graph\":[{\"@type\":\"WebPage\",\"@id\":\"https:\\\/\\\/opticacanalejas.com\\\/en\\\/producto\\\/dita-buckeye-matte-black-yellow-gold\\\/\",\"url\":\"https:\\\/\\\/opticacanalejas.com\\\/en\\\/producto\\\/dita-buckeye-matte-black-yellow-gold\\\/\",\"name\":\"Dita Buckeye (+) Matte Black - Yellow Gold - \u00d3ptica Canalejas | Madrid | Ver bien, elegir bien.\",\"isPartOf\":{\"@id\":\"https:\\\/\\\/opticacanalejas.com\\\/en\\\/#website\"},\"primaryImageOfPage\":{\"@id\":\"https:\\\/\\\/opticacanalejas.com\\\/en\\\/producto\\\/dita-buckeye-matte-black-yellow-gold\\\/#primaryimage\"},\"image\":{\"@id\":\"https:\\\/\\\/opticacanalejas.com\\\/en\\\/producto\\\/dita-buckeye-matte-black-yellow-gold\\\/#primaryimage\"},\"thumbnailUrl\":\"https:\\\/\\\/opticacanalejas.com\\\/wp-content\\\/uploads\\\/2025\\\/08\\\/Buckeye-Matte-Black-Yellow-Gold-3.webp\",\"datePublished\":\"2025-08-06T19:31:08+00:00\",\"dateModified\":\"2025-08-06T19:31:13+00:00\",\"breadcrumb\":{\"@id\":\"https:\\\/\\\/opticacanalejas.com\\\/en\\\/producto\\\/dita-buckeye-matte-black-yellow-gold\\\/#breadcrumb\"},\"inLanguage\":\"en-US\",\"potentialAction\":[{\"@type\":\"ReadAction\",\"target\":[\"https:\\\/\\\/opticacanalejas.com\\\/en\\\/producto\\\/dita-buckeye-matte-black-yellow-gold\\\/\"]}]},{\"@type\":\"ImageObject\",\"inLanguage\":\"en-US\",\"@id\":\"https:\\\/\\\/opticacanalejas.com\\\/en\\\/producto\\\/dita-buckeye-matte-black-yellow-gold\\\/#primaryimage\",\"url\":\"https:\\\/\\\/opticacanalejas.com\\\/wp-content\\\/uploads\\\/2025\\\/08\\\/Buckeye-Matte-Black-Yellow-Gold-3.webp\",\"contentUrl\":\"https:\\\/\\\/opticacanalejas.com\\\/wp-content\\\/uploads\\\/2025\\\/08\\\/Buckeye-Matte-Black-Yellow-Gold-3.webp\",\"width\":1440,\"height\":920},{\"@type\":\"BreadcrumbList\",\"@id\":\"https:\\\/\\\/opticacanalejas.com\\\/en\\\/producto\\\/dita-buckeye-matte-black-yellow-gold\\\/#breadcrumb\",\"itemListElement\":[{\"@type\":\"ListItem\",\"position\":1,\"name\":\"Portada\",\"item\":\"https:\\\/\\\/opticacanalejas.com\\\/en\\\/\"},{\"@type\":\"ListItem\",\"position\":2,\"name\":\"Shop\",\"item\":\"https:\\\/\\\/opticacanalejas.com\\\/en\\\/shop\\\/\"},{\"@type\":\"ListItem\",\"position\":3,\"name\":\"Dita Buckeye (+) Matte Black &#8211; Yellow Gold\"}]},{\"@type\":\"WebSite\",\"@id\":\"https:\\\/\\\/opticacanalejas.com\\\/en\\\/#website\",\"url\":\"https:\\\/\\\/opticacanalejas.com\\\/en\\\/\",\"name\":\"\u00d3ptica Canalejas\",\"description\":\"La \u00f3ptica del centro de Madrid con las colecciones m\u00e1s exclusivas. Gafas Moscot. Gafas Lunor. Gafas Akoni. Gafas Cartier. Gafas Serengeti. Gafas Matsuda. Horario L-V de 10:00 a 20:00. S\u00e1bados 10:00 a 14:00.\",\"publisher\":{\"@id\":\"https:\\\/\\\/opticacanalejas.com\\\/en\\\/#organization\"},\"potentialAction\":[{\"@type\":\"SearchAction\",\"target\":{\"@type\":\"EntryPoint\",\"urlTemplate\":\"https:\\\/\\\/opticacanalejas.com\\\/en\\\/?s={search_term_string}\"},\"query-input\":{\"@type\":\"PropertyValueSpecification\",\"valueRequired\":true,\"valueName\":\"search_term_string\"}}],\"inLanguage\":\"en-US\"},{\"@type\":\"Organization\",\"@id\":\"https:\\\/\\\/opticacanalejas.com\\\/en\\\/#organization\",\"name\":\"\u00d3ptica Canalejas\",\"url\":\"https:\\\/\\\/opticacanalejas.com\\\/en\\\/\",\"logo\":{\"@type\":\"ImageObject\",\"inLanguage\":\"en-US\",\"@id\":\"https:\\\/\\\/opticacanalejas.com\\\/en\\\/#\\\/schema\\\/logo\\\/image\\\/\",\"url\":\"https:\\\/\\\/opticacanalejas.com\\\/wp-content\\\/uploads\\\/2024\\\/07\\\/logo.png\",\"contentUrl\":\"https:\\\/\\\/opticacanalejas.com\\\/wp-content\\\/uploads\\\/2024\\\/07\\\/logo.png\",\"width\":143,\"height\":100,\"caption\":\"\u00d3ptica Canalejas\"},\"image\":{\"@id\":\"https:\\\/\\\/opticacanalejas.com\\\/en\\\/#\\\/schema\\\/logo\\\/image\\\/\"},\"sameAs\":[\"https:\\\/\\\/facebook.com\\\/opticacanalejas\\\/\"]}]}<\/script>\n<!-- \/ Yoast SEO plugin. -->","yoast_head_json":{"title":"Dita Buckeye (+) Matte Black - Yellow Gold - \u00d3ptica Canalejas | Madrid | Ver bien, elegir bien.","robots":{"index":"index","follow":"follow","max-snippet":"max-snippet:-1","max-image-preview":"max-image-preview:large","max-video-preview":"max-video-preview:-1"},"canonical":"https:\/\/opticacanalejas.com\/en\/producto\/dita-buckeye-matte-black-yellow-gold\/","og_locale":"en_US","og_type":"article","og_title":"Dita Buckeye (+) Matte Black - Yellow Gold - \u00d3ptica Canalejas | Madrid | Ver bien, elegir bien.","og_description":"BUCKEYE(+) parte de la perfecci\u00f3n. Una versi\u00f3n actualizada del ic\u00f3nico modelo \u00f3ptico BUCKEYE de DITA, nacida del profundo respeto por la visi\u00f3n japonesa de combinar lo esencial con la belleza. Su dise\u00f1o se inspira en la tsuba, el elemento fundamental en el montaje de una espada japonesa, que a menudo presenta detalles altamente decorativos. BUCKEYE(+) une la ligereza de una montura \u00f3ptica minimalista con una est\u00e9tica refinada, sin renunciar al estilo. Presenta un frontal de acetato japon\u00e9s ultraligero en nuevas tonalidades y varillas de titanio bicolor redise\u00f1adas. Fiel al alma de DITA, la silueta cl\u00e1sica pero contempor\u00e1nea de BUCKEYE(+) incorpora un elegante puente en forma de cerradura, acentuado por la belleza funcional del sistema de tornillos hexagonales exclusivo de la marca.","og_url":"https:\/\/opticacanalejas.com\/en\/producto\/dita-buckeye-matte-black-yellow-gold\/","og_site_name":"\u00d3ptica Canalejas | Madrid | Ver bien, elegir bien.","article_publisher":"https:\/\/facebook.com\/opticacanalejas\/","article_modified_time":"2025-08-06T19:31:13+00:00","twitter_card":"summary_large_image","schema":{"@context":"https:\/\/schema.org","@graph":[{"@type":"WebPage","@id":"https:\/\/opticacanalejas.com\/en\/producto\/dita-buckeye-matte-black-yellow-gold\/","url":"https:\/\/opticacanalejas.com\/en\/producto\/dita-buckeye-matte-black-yellow-gold\/","name":"Dita Buckeye (+) Matte Black - Yellow Gold - \u00d3ptica Canalejas | Madrid | Ver bien, elegir bien.","isPartOf":{"@id":"https:\/\/opticacanalejas.com\/en\/#website"},"primaryImageOfPage":{"@id":"https:\/\/opticacanalejas.com\/en\/producto\/dita-buckeye-matte-black-yellow-gold\/#primaryimage"},"image":{"@id":"https:\/\/opticacanalejas.com\/en\/producto\/dita-buckeye-matte-black-yellow-gold\/#primaryimage"},"thumbnailUrl":"https:\/\/opticacanalejas.com\/wp-content\/uploads\/2025\/08\/Buckeye-Matte-Black-Yellow-Gold-3.webp","datePublished":"2025-08-06T19:31:08+00:00","dateModified":"2025-08-06T19:31:13+00:00","breadcrumb":{"@id":"https:\/\/opticacanalejas.com\/en\/producto\/dita-buckeye-matte-black-yellow-gold\/#breadcrumb"},"inLanguage":"en-US","potentialAction":[{"@type":"ReadAction","target":["https:\/\/opticacanalejas.com\/en\/producto\/dita-buckeye-matte-black-yellow-gold\/"]}]},{"@type":"ImageObject","inLanguage":"en-US","@id":"https:\/\/opticacanalejas.com\/en\/producto\/dita-buckeye-matte-black-yellow-gold\/#primaryimage","url":"https:\/\/opticacanalejas.com\/wp-content\/uploads\/2025\/08\/Buckeye-Matte-Black-Yellow-Gold-3.webp","contentUrl":"https:\/\/opticacanalejas.com\/wp-content\/uploads\/2025\/08\/Buckeye-Matte-Black-Yellow-Gold-3.webp","width":1440,"height":920},{"@type":"BreadcrumbList","@id":"https:\/\/opticacanalejas.com\/en\/producto\/dita-buckeye-matte-black-yellow-gold\/#breadcrumb","itemListElement":[{"@type":"ListItem","position":1,"name":"Portada","item":"https:\/\/opticacanalejas.com\/en\/"},{"@type":"ListItem","position":2,"name":"Shop","item":"https:\/\/opticacanalejas.com\/en\/shop\/"},{"@type":"ListItem","position":3,"name":"Dita Buckeye (+) Matte Black &#8211; Yellow Gold"}]},{"@type":"WebSite","@id":"https:\/\/opticacanalejas.com\/en\/#website","url":"https:\/\/opticacanalejas.com\/en\/","name":"\u00d3ptica Canalejas","description":"La \u00f3ptica del centro de Madrid con las colecciones m\u00e1s exclusivas. Gafas Moscot. Gafas Lunor. Gafas Akoni. Gafas Cartier. Gafas Serengeti. Gafas Matsuda. Horario L-V de 10:00 a 20:00. S\u00e1bados 10:00 a 14:00.","publisher":{"@id":"https:\/\/opticacanalejas.com\/en\/#organization"},"potentialAction":[{"@type":"SearchAction","target":{"@type":"EntryPoint","urlTemplate":"https:\/\/opticacanalejas.com\/en\/?s={search_term_string}"},"query-input":{"@type":"PropertyValueSpecification","valueRequired":true,"valueName":"search_term_string"}}],"inLanguage":"en-US"},{"@type":"Organization","@id":"https:\/\/opticacanalejas.com\/en\/#organization","name":"\u00d3ptica Canalejas","url":"https:\/\/opticacanalejas.com\/en\/","logo":{"@type":"ImageObject","inLanguage":"en-US","@id":"https:\/\/opticacanalejas.com\/en\/#\/schema\/logo\/image\/","url":"https:\/\/opticacanalejas.com\/wp-content\/uploads\/2024\/07\/logo.png","contentUrl":"https:\/\/opticacanalejas.com\/wp-content\/uploads\/2024\/07\/logo.png","width":143,"height":100,"caption":"\u00d3ptica Canalejas"},"image":{"@id":"https:\/\/opticacanalejas.com\/en\/#\/schema\/logo\/image\/"},"sameAs":["https:\/\/facebook.com\/opticacanalejas\/"]}]}},"jetpack_sharing_enabled":true,"brands":[{"id":45,"name":"Dita","slug":"comprar-gafas-dita-en-madrid"}],"_links":{"self":[{"href":"https:\/\/opticacanalejas.com\/en\/wp-json\/wp\/v2\/product\/3155","targetHints":{"allow":["GET"]}}],"collection":[{"href":"https:\/\/opticacanalejas.com\/en\/wp-json\/wp\/v2\/product"}],"about":[{"href":"https:\/\/opticacanalejas.com\/en\/wp-json\/wp\/v2\/types\/product"}],"replies":[{"embeddable":true,"href":"https:\/\/opticacanalejas.com\/en\/wp-json\/wp\/v2\/comments?post=3155"}],"version-history":[{"count":0,"href":"https:\/\/opticacanalejas.com\/en\/wp-json\/wp\/v2\/product\/3155\/revisions"}],"wp:featuredmedia":[{"embeddable":true,"href":"https:\/\/opticacanalejas.com\/en\/wp-json\/wp\/v2\/media\/2880"}],"wp:attachment":[{"href":"https:\/\/opticacanalejas.com\/en\/wp-json\/wp\/v2\/media?parent=3155"}],"wp:term":[{"taxonomy":"pwb-brand","embeddable":true,"href":"https:\/\/opticacanalejas.com\/en\/wp-json\/wp\/v2\/pwb-brand?post=3155"},{"taxonomy":"product_brand","embeddable":true,"href":"https:\/\/opticacanalejas.com\/en\/wp-json\/wp\/v2\/product_brand?post=3155"},{"taxonomy":"product_cat","embeddable":true,"href":"https:\/\/opticacanalejas.com\/en\/wp-json\/wp\/v2\/product_cat?post=3155"},{"taxonomy":"product_tag","embeddable":true,"href":"https:\/\/opticacanalejas.com\/en\/wp-json\/wp\/v2\/product_tag?post=3155"}],"curies":[{"name":"wp","href":"https:\/\/api.w.org\/{rel}","templated":true}]}}