{"id":3154,"date":"2025-08-06T21:31:08","date_gmt":"2025-08-06T19:31:08","guid":{"rendered":"https:\/\/opticacanalejas.com\/?post_type=product&#038;p=3154"},"modified":"2025-08-06T21:31:13","modified_gmt":"2025-08-06T19:31:13","slug":"dita-ash-matte-black-black-iron","status":"publish","type":"product","link":"https:\/\/opticacanalejas.com\/en\/producto\/dita-ash-matte-black-black-iron\/","title":{"rendered":"Dita Ash (+) Matte Black &#8211; Black Iron"},"content":{"rendered":"<p>Frontal de acetato japon\u00e9s ultrafino y ligero<\/p>\n<p>Puente en forma de cerradura<\/p>\n<p>Varillas de titanio con detalle prensado y acabado bicolor<\/p>\n<p>Bisagras exclusivas de DITA con tornillo hexagonal<\/p>\n<p>Plaquetas nasales de titanio personalizadas con detalle prensado en forma de diamante<\/p>\n<p>Hechas a mano en Jap\u00f3n<\/p>\n","protected":false},"excerpt":{"rendered":"<p>ASH(+) parte de la perfecci\u00f3n.<br \/>\nVersi\u00f3n actualizada del ic\u00f3nico modelo \u00f3ptico ASH de DITA, nace del deseo de crear una montura casi ingr\u00e1vida. El concepto de ligereza \u2014y el estado casi on\u00edrico que provoca\u2014 se refleja en el dise\u00f1o de esta montura \u00f3ptica ultraligera. ASH(+) no renuncia al estilo, consolid\u00e1ndose como un imprescindible dentro del repertorio de dise\u00f1o de la marca.<\/p>\n<p>Con un frontal de acetato japon\u00e9s ultrafino en nuevos colores y varillas de titanio bicolor inspiradas en la tsuba japonesa, ASH(+) encarna la esencia de DITA. Su silueta cl\u00e1sica semi-redonda se completa con un elegante puente en forma de cerradura y el sistema exclusivo de bisagras con tornillo hexagonal de DITA, que combina funcionalidad y belleza.<\/p>\n","protected":false},"featured_media":2850,"comment_status":"open","ping_status":"closed","template":"","meta":[],"pwb-brand":[45],"product_brand":[],"product_cat":[39],"product_tag":[],"class_list":{"0":"post-3154","1":"product","2":"type-product","3":"status-publish","4":"has-post-thumbnail","6":"pwb-brand-comprar-gafas-dita-en-madrid","7":"product_cat-gafas-graduadas","9":"first","10":"instock","11":"taxable","12":"shipping-taxable","13":"purchasable","14":"product-type-simple"},"yoast_head":"<!-- This site is optimized with the Yoast SEO plugin v27.4 - https:\/\/yoast.com\/product\/yoast-seo-wordpress\/ -->\n<title>Dita Ash (+) Matte Black - Black Iron - \u00d3ptica Canalejas | Madrid | Ver bien, elegir bien.<\/title>\n<meta name=\"robots\" content=\"index, follow, max-snippet:-1, max-image-preview:large, max-video-preview:-1\" \/>\n<link rel=\"canonical\" href=\"https:\/\/opticacanalejas.com\/en\/producto\/dita-ash-matte-black-black-iron\/\" \/>\n<meta property=\"og:locale\" content=\"en_US\" \/>\n<meta property=\"og:type\" content=\"article\" \/>\n<meta property=\"og:title\" content=\"Dita Ash (+) Matte Black - Black Iron - \u00d3ptica Canalejas | Madrid | Ver bien, elegir bien.\" \/>\n<meta property=\"og:description\" content=\"ASH(+) parte de la perfecci\u00f3n. Versi\u00f3n actualizada del ic\u00f3nico modelo \u00f3ptico ASH de DITA, nace del deseo de crear una montura casi ingr\u00e1vida. El concepto de ligereza \u2014y el estado casi on\u00edrico que provoca\u2014 se refleja en el dise\u00f1o de esta montura \u00f3ptica ultraligera. ASH(+) no renuncia al estilo, consolid\u00e1ndose como un imprescindible dentro del repertorio de dise\u00f1o de la marca. Con un frontal de acetato japon\u00e9s ultrafino en nuevos colores y varillas de titanio bicolor inspiradas en la tsuba japonesa, ASH(+) encarna la esencia de DITA. Su silueta cl\u00e1sica semi-redonda se completa con un elegante puente en forma de cerradura y el sistema exclusivo de bisagras con tornillo hexagonal de DITA, que combina funcionalidad y belleza.\" \/>\n<meta property=\"og:url\" content=\"https:\/\/opticacanalejas.com\/en\/producto\/dita-ash-matte-black-black-iron\/\" \/>\n<meta property=\"og:site_name\" content=\"\u00d3ptica Canalejas | Madrid | Ver bien, elegir bien.\" \/>\n<meta property=\"article:publisher\" content=\"https:\/\/facebook.com\/opticacanalejas\/\" \/>\n<meta property=\"article:modified_time\" content=\"2025-08-06T19:31:13+00:00\" \/>\n<meta name=\"twitter:card\" content=\"summary_large_image\" \/>\n<script type=\"application\/ld+json\" class=\"yoast-schema-graph\">{\"@context\":\"https:\\\/\\\/schema.org\",\"@graph\":[{\"@type\":\"WebPage\",\"@id\":\"https:\\\/\\\/opticacanalejas.com\\\/en\\\/producto\\\/dita-ash-matte-black-black-iron\\\/\",\"url\":\"https:\\\/\\\/opticacanalejas.com\\\/en\\\/producto\\\/dita-ash-matte-black-black-iron\\\/\",\"name\":\"Dita Ash (+) Matte Black - Black Iron - \u00d3ptica Canalejas | Madrid | Ver bien, elegir bien.\",\"isPartOf\":{\"@id\":\"https:\\\/\\\/opticacanalejas.com\\\/en\\\/#website\"},\"primaryImageOfPage\":{\"@id\":\"https:\\\/\\\/opticacanalejas.com\\\/en\\\/producto\\\/dita-ash-matte-black-black-iron\\\/#primaryimage\"},\"image\":{\"@id\":\"https:\\\/\\\/opticacanalejas.com\\\/en\\\/producto\\\/dita-ash-matte-black-black-iron\\\/#primaryimage\"},\"thumbnailUrl\":\"https:\\\/\\\/opticacanalejas.com\\\/wp-content\\\/uploads\\\/2025\\\/08\\\/Ash-Matte-Black-Black-Iron-1.webp\",\"datePublished\":\"2025-08-06T19:31:08+00:00\",\"dateModified\":\"2025-08-06T19:31:13+00:00\",\"breadcrumb\":{\"@id\":\"https:\\\/\\\/opticacanalejas.com\\\/en\\\/producto\\\/dita-ash-matte-black-black-iron\\\/#breadcrumb\"},\"inLanguage\":\"en-US\",\"potentialAction\":[{\"@type\":\"ReadAction\",\"target\":[\"https:\\\/\\\/opticacanalejas.com\\\/en\\\/producto\\\/dita-ash-matte-black-black-iron\\\/\"]}]},{\"@type\":\"ImageObject\",\"inLanguage\":\"en-US\",\"@id\":\"https:\\\/\\\/opticacanalejas.com\\\/en\\\/producto\\\/dita-ash-matte-black-black-iron\\\/#primaryimage\",\"url\":\"https:\\\/\\\/opticacanalejas.com\\\/wp-content\\\/uploads\\\/2025\\\/08\\\/Ash-Matte-Black-Black-Iron-1.webp\",\"contentUrl\":\"https:\\\/\\\/opticacanalejas.com\\\/wp-content\\\/uploads\\\/2025\\\/08\\\/Ash-Matte-Black-Black-Iron-1.webp\",\"width\":1440,\"height\":920},{\"@type\":\"BreadcrumbList\",\"@id\":\"https:\\\/\\\/opticacanalejas.com\\\/en\\\/producto\\\/dita-ash-matte-black-black-iron\\\/#breadcrumb\",\"itemListElement\":[{\"@type\":\"ListItem\",\"position\":1,\"name\":\"Portada\",\"item\":\"https:\\\/\\\/opticacanalejas.com\\\/en\\\/\"},{\"@type\":\"ListItem\",\"position\":2,\"name\":\"Shop\",\"item\":\"https:\\\/\\\/opticacanalejas.com\\\/en\\\/shop\\\/\"},{\"@type\":\"ListItem\",\"position\":3,\"name\":\"Dita Ash (+) Matte Black &#8211; Black Iron\"}]},{\"@type\":\"WebSite\",\"@id\":\"https:\\\/\\\/opticacanalejas.com\\\/en\\\/#website\",\"url\":\"https:\\\/\\\/opticacanalejas.com\\\/en\\\/\",\"name\":\"\u00d3ptica Canalejas\",\"description\":\"La \u00f3ptica del centro de Madrid con las colecciones m\u00e1s exclusivas. Gafas Moscot. Gafas Lunor. Gafas Akoni. Gafas Cartier. Gafas Serengeti. Gafas Matsuda. Horario L-V de 10:00 a 20:00. S\u00e1bados 10:00 a 14:00.\",\"publisher\":{\"@id\":\"https:\\\/\\\/opticacanalejas.com\\\/en\\\/#organization\"},\"potentialAction\":[{\"@type\":\"SearchAction\",\"target\":{\"@type\":\"EntryPoint\",\"urlTemplate\":\"https:\\\/\\\/opticacanalejas.com\\\/en\\\/?s={search_term_string}\"},\"query-input\":{\"@type\":\"PropertyValueSpecification\",\"valueRequired\":true,\"valueName\":\"search_term_string\"}}],\"inLanguage\":\"en-US\"},{\"@type\":\"Organization\",\"@id\":\"https:\\\/\\\/opticacanalejas.com\\\/en\\\/#organization\",\"name\":\"\u00d3ptica Canalejas\",\"url\":\"https:\\\/\\\/opticacanalejas.com\\\/en\\\/\",\"logo\":{\"@type\":\"ImageObject\",\"inLanguage\":\"en-US\",\"@id\":\"https:\\\/\\\/opticacanalejas.com\\\/en\\\/#\\\/schema\\\/logo\\\/image\\\/\",\"url\":\"https:\\\/\\\/opticacanalejas.com\\\/wp-content\\\/uploads\\\/2024\\\/07\\\/logo.png\",\"contentUrl\":\"https:\\\/\\\/opticacanalejas.com\\\/wp-content\\\/uploads\\\/2024\\\/07\\\/logo.png\",\"width\":143,\"height\":100,\"caption\":\"\u00d3ptica Canalejas\"},\"image\":{\"@id\":\"https:\\\/\\\/opticacanalejas.com\\\/en\\\/#\\\/schema\\\/logo\\\/image\\\/\"},\"sameAs\":[\"https:\\\/\\\/facebook.com\\\/opticacanalejas\\\/\"]}]}<\/script>\n<!-- \/ Yoast SEO plugin. -->","yoast_head_json":{"title":"Dita Ash (+) Matte Black - Black Iron - \u00d3ptica Canalejas | Madrid | Ver bien, elegir bien.","robots":{"index":"index","follow":"follow","max-snippet":"max-snippet:-1","max-image-preview":"max-image-preview:large","max-video-preview":"max-video-preview:-1"},"canonical":"https:\/\/opticacanalejas.com\/en\/producto\/dita-ash-matte-black-black-iron\/","og_locale":"en_US","og_type":"article","og_title":"Dita Ash (+) Matte Black - Black Iron - \u00d3ptica Canalejas | Madrid | Ver bien, elegir bien.","og_description":"ASH(+) parte de la perfecci\u00f3n. Versi\u00f3n actualizada del ic\u00f3nico modelo \u00f3ptico ASH de DITA, nace del deseo de crear una montura casi ingr\u00e1vida. El concepto de ligereza \u2014y el estado casi on\u00edrico que provoca\u2014 se refleja en el dise\u00f1o de esta montura \u00f3ptica ultraligera. ASH(+) no renuncia al estilo, consolid\u00e1ndose como un imprescindible dentro del repertorio de dise\u00f1o de la marca. Con un frontal de acetato japon\u00e9s ultrafino en nuevos colores y varillas de titanio bicolor inspiradas en la tsuba japonesa, ASH(+) encarna la esencia de DITA. Su silueta cl\u00e1sica semi-redonda se completa con un elegante puente en forma de cerradura y el sistema exclusivo de bisagras con tornillo hexagonal de DITA, que combina funcionalidad y belleza.","og_url":"https:\/\/opticacanalejas.com\/en\/producto\/dita-ash-matte-black-black-iron\/","og_site_name":"\u00d3ptica Canalejas | Madrid | Ver bien, elegir bien.","article_publisher":"https:\/\/facebook.com\/opticacanalejas\/","article_modified_time":"2025-08-06T19:31:13+00:00","twitter_card":"summary_large_image","schema":{"@context":"https:\/\/schema.org","@graph":[{"@type":"WebPage","@id":"https:\/\/opticacanalejas.com\/en\/producto\/dita-ash-matte-black-black-iron\/","url":"https:\/\/opticacanalejas.com\/en\/producto\/dita-ash-matte-black-black-iron\/","name":"Dita Ash (+) Matte Black - Black Iron - \u00d3ptica Canalejas | Madrid | Ver bien, elegir bien.","isPartOf":{"@id":"https:\/\/opticacanalejas.com\/en\/#website"},"primaryImageOfPage":{"@id":"https:\/\/opticacanalejas.com\/en\/producto\/dita-ash-matte-black-black-iron\/#primaryimage"},"image":{"@id":"https:\/\/opticacanalejas.com\/en\/producto\/dita-ash-matte-black-black-iron\/#primaryimage"},"thumbnailUrl":"https:\/\/opticacanalejas.com\/wp-content\/uploads\/2025\/08\/Ash-Matte-Black-Black-Iron-1.webp","datePublished":"2025-08-06T19:31:08+00:00","dateModified":"2025-08-06T19:31:13+00:00","breadcrumb":{"@id":"https:\/\/opticacanalejas.com\/en\/producto\/dita-ash-matte-black-black-iron\/#breadcrumb"},"inLanguage":"en-US","potentialAction":[{"@type":"ReadAction","target":["https:\/\/opticacanalejas.com\/en\/producto\/dita-ash-matte-black-black-iron\/"]}]},{"@type":"ImageObject","inLanguage":"en-US","@id":"https:\/\/opticacanalejas.com\/en\/producto\/dita-ash-matte-black-black-iron\/#primaryimage","url":"https:\/\/opticacanalejas.com\/wp-content\/uploads\/2025\/08\/Ash-Matte-Black-Black-Iron-1.webp","contentUrl":"https:\/\/opticacanalejas.com\/wp-content\/uploads\/2025\/08\/Ash-Matte-Black-Black-Iron-1.webp","width":1440,"height":920},{"@type":"BreadcrumbList","@id":"https:\/\/opticacanalejas.com\/en\/producto\/dita-ash-matte-black-black-iron\/#breadcrumb","itemListElement":[{"@type":"ListItem","position":1,"name":"Portada","item":"https:\/\/opticacanalejas.com\/en\/"},{"@type":"ListItem","position":2,"name":"Shop","item":"https:\/\/opticacanalejas.com\/en\/shop\/"},{"@type":"ListItem","position":3,"name":"Dita Ash (+) Matte Black &#8211; Black Iron"}]},{"@type":"WebSite","@id":"https:\/\/opticacanalejas.com\/en\/#website","url":"https:\/\/opticacanalejas.com\/en\/","name":"\u00d3ptica Canalejas","description":"La \u00f3ptica del centro de Madrid con las colecciones m\u00e1s exclusivas. Gafas Moscot. Gafas Lunor. Gafas Akoni. Gafas Cartier. Gafas Serengeti. Gafas Matsuda. Horario L-V de 10:00 a 20:00. S\u00e1bados 10:00 a 14:00.","publisher":{"@id":"https:\/\/opticacanalejas.com\/en\/#organization"},"potentialAction":[{"@type":"SearchAction","target":{"@type":"EntryPoint","urlTemplate":"https:\/\/opticacanalejas.com\/en\/?s={search_term_string}"},"query-input":{"@type":"PropertyValueSpecification","valueRequired":true,"valueName":"search_term_string"}}],"inLanguage":"en-US"},{"@type":"Organization","@id":"https:\/\/opticacanalejas.com\/en\/#organization","name":"\u00d3ptica Canalejas","url":"https:\/\/opticacanalejas.com\/en\/","logo":{"@type":"ImageObject","inLanguage":"en-US","@id":"https:\/\/opticacanalejas.com\/en\/#\/schema\/logo\/image\/","url":"https:\/\/opticacanalejas.com\/wp-content\/uploads\/2024\/07\/logo.png","contentUrl":"https:\/\/opticacanalejas.com\/wp-content\/uploads\/2024\/07\/logo.png","width":143,"height":100,"caption":"\u00d3ptica Canalejas"},"image":{"@id":"https:\/\/opticacanalejas.com\/en\/#\/schema\/logo\/image\/"},"sameAs":["https:\/\/facebook.com\/opticacanalejas\/"]}]}},"jetpack_sharing_enabled":true,"brands":[{"id":45,"name":"Dita","slug":"comprar-gafas-dita-en-madrid"}],"_links":{"self":[{"href":"https:\/\/opticacanalejas.com\/en\/wp-json\/wp\/v2\/product\/3154","targetHints":{"allow":["GET"]}}],"collection":[{"href":"https:\/\/opticacanalejas.com\/en\/wp-json\/wp\/v2\/product"}],"about":[{"href":"https:\/\/opticacanalejas.com\/en\/wp-json\/wp\/v2\/types\/product"}],"replies":[{"embeddable":true,"href":"https:\/\/opticacanalejas.com\/en\/wp-json\/wp\/v2\/comments?post=3154"}],"version-history":[{"count":0,"href":"https:\/\/opticacanalejas.com\/en\/wp-json\/wp\/v2\/product\/3154\/revisions"}],"wp:featuredmedia":[{"embeddable":true,"href":"https:\/\/opticacanalejas.com\/en\/wp-json\/wp\/v2\/media\/2850"}],"wp:attachment":[{"href":"https:\/\/opticacanalejas.com\/en\/wp-json\/wp\/v2\/media?parent=3154"}],"wp:term":[{"taxonomy":"pwb-brand","embeddable":true,"href":"https:\/\/opticacanalejas.com\/en\/wp-json\/wp\/v2\/pwb-brand?post=3154"},{"taxonomy":"product_brand","embeddable":true,"href":"https:\/\/opticacanalejas.com\/en\/wp-json\/wp\/v2\/product_brand?post=3154"},{"taxonomy":"product_cat","embeddable":true,"href":"https:\/\/opticacanalejas.com\/en\/wp-json\/wp\/v2\/product_cat?post=3154"},{"taxonomy":"product_tag","embeddable":true,"href":"https:\/\/opticacanalejas.com\/en\/wp-json\/wp\/v2\/product_tag?post=3154"}],"curies":[{"name":"wp","href":"https:\/\/api.w.org\/{rel}","templated":true}]}}