{"id":3148,"date":"2025-08-06T21:31:07","date_gmt":"2025-08-06T19:31:07","guid":{"rendered":"https:\/\/opticacanalejas.com\/?post_type=product&#038;p=3148"},"modified":"2025-08-06T21:31:12","modified_gmt":"2025-08-06T19:31:12","slug":"dita-kudru-black-iron-yellow-gold","status":"publish","type":"product","link":"https:\/\/opticacanalejas.com\/en\/producto\/dita-kudru-black-iron-yellow-gold\/","title":{"rendered":"Dita Kudru Black Iron &#8211; Yellow Gold"},"content":{"rendered":"<p>Montura de titanio de alta calidad con detalle de l\u00edneas prensadas<\/p>\n<p>Construcci\u00f3n del puente y la barra superior en dos piezas<\/p>\n<p>Varillas de acetato japon\u00e9s con alma met\u00e1lica personalizada de dise\u00f1o horizontal<\/p>\n<p>Sistema de varillas ajustable en tres puntos<\/p>\n<p>Plaquetas nasales personalizadas de titanio con detalle prensado en forma de diamante<\/p>\n<p>Lentes con protecci\u00f3n 100% UVA y UVB y tratamiento antirreflejante<\/p>\n<p>Fabricadas en Jap\u00f3n<\/p>\n","protected":false},"excerpt":{"rendered":"<p>Representando el lenguaje de dise\u00f1o figurativo que recorre toda la colecci\u00f3n, KUDRU es una montura tipo navigator elaborada con maestr\u00eda y un frontal de titanio que expresa una est\u00e9tica marcadamente masculina.<\/p>\n<p>La innovaci\u00f3n sigue siendo un compromiso fundamental para DITA, algo que se refleja claramente en el dise\u00f1o de las varillas de KUDRU, creadas con un sistema ajustable de tres puntos que permite al \u00f3ptico personalizar el ajuste de la montura para lograr una comodidad y usabilidad \u00f3ptimas.<\/p>\n<p>Equilibrada con detalles minuciosos, KUDRU incorpora l\u00edneas prensadas en los aros y una construcci\u00f3n en titanio de dos piezas en la barra superior y el puente.<\/p>\n","protected":false},"featured_media":2944,"comment_status":"open","ping_status":"closed","template":"","meta":[],"pwb-brand":[45],"product_brand":[],"product_cat":[20],"product_tag":[],"class_list":{"0":"post-3148","1":"product","2":"type-product","3":"status-publish","4":"has-post-thumbnail","6":"pwb-brand-comprar-gafas-dita-en-madrid","7":"product_cat-gafas-de-sol","9":"first","10":"instock","11":"taxable","12":"shipping-taxable","13":"purchasable","14":"product-type-simple"},"yoast_head":"<!-- This site is optimized with the Yoast SEO plugin v27.3 - https:\/\/yoast.com\/product\/yoast-seo-wordpress\/ -->\n<title>Dita Kudru Black Iron - Yellow Gold - \u00d3ptica Canalejas | Madrid | Ver bien, elegir bien.<\/title>\n<meta name=\"robots\" content=\"index, follow, max-snippet:-1, max-image-preview:large, max-video-preview:-1\" \/>\n<link rel=\"canonical\" href=\"https:\/\/opticacanalejas.com\/en\/producto\/dita-kudru-black-iron-yellow-gold\/\" \/>\n<meta property=\"og:locale\" content=\"en_US\" \/>\n<meta property=\"og:type\" content=\"article\" \/>\n<meta property=\"og:title\" content=\"Dita Kudru Black Iron - Yellow Gold - \u00d3ptica Canalejas | Madrid | Ver bien, elegir bien.\" \/>\n<meta property=\"og:description\" content=\"Representando el lenguaje de dise\u00f1o figurativo que recorre toda la colecci\u00f3n, KUDRU es una montura tipo navigator elaborada con maestr\u00eda y un frontal de titanio que expresa una est\u00e9tica marcadamente masculina. La innovaci\u00f3n sigue siendo un compromiso fundamental para DITA, algo que se refleja claramente en el dise\u00f1o de las varillas de KUDRU, creadas con un sistema ajustable de tres puntos que permite al \u00f3ptico personalizar el ajuste de la montura para lograr una comodidad y usabilidad \u00f3ptimas. Equilibrada con detalles minuciosos, KUDRU incorpora l\u00edneas prensadas en los aros y una construcci\u00f3n en titanio de dos piezas en la barra superior y el puente.\" \/>\n<meta property=\"og:url\" content=\"https:\/\/opticacanalejas.com\/en\/producto\/dita-kudru-black-iron-yellow-gold\/\" \/>\n<meta property=\"og:site_name\" content=\"\u00d3ptica Canalejas | Madrid | Ver bien, elegir bien.\" \/>\n<meta property=\"article:publisher\" content=\"https:\/\/facebook.com\/opticacanalejas\/\" \/>\n<meta property=\"article:modified_time\" content=\"2025-08-06T19:31:12+00:00\" \/>\n<meta name=\"twitter:card\" content=\"summary_large_image\" \/>\n<script type=\"application\/ld+json\" class=\"yoast-schema-graph\">{\"@context\":\"https:\\\/\\\/schema.org\",\"@graph\":[{\"@type\":\"WebPage\",\"@id\":\"https:\\\/\\\/opticacanalejas.com\\\/en\\\/producto\\\/dita-kudru-black-iron-yellow-gold\\\/\",\"url\":\"https:\\\/\\\/opticacanalejas.com\\\/en\\\/producto\\\/dita-kudru-black-iron-yellow-gold\\\/\",\"name\":\"Dita Kudru Black Iron - Yellow Gold - \u00d3ptica Canalejas | Madrid | Ver bien, elegir bien.\",\"isPartOf\":{\"@id\":\"https:\\\/\\\/opticacanalejas.com\\\/en\\\/#website\"},\"primaryImageOfPage\":{\"@id\":\"https:\\\/\\\/opticacanalejas.com\\\/en\\\/producto\\\/dita-kudru-black-iron-yellow-gold\\\/#primaryimage\"},\"image\":{\"@id\":\"https:\\\/\\\/opticacanalejas.com\\\/en\\\/producto\\\/dita-kudru-black-iron-yellow-gold\\\/#primaryimage\"},\"thumbnailUrl\":\"https:\\\/\\\/opticacanalejas.com\\\/wp-content\\\/uploads\\\/2025\\\/08\\\/Kudru-Black-Iron-Yellow-Gold-1.webp\",\"datePublished\":\"2025-08-06T19:31:07+00:00\",\"dateModified\":\"2025-08-06T19:31:12+00:00\",\"breadcrumb\":{\"@id\":\"https:\\\/\\\/opticacanalejas.com\\\/en\\\/producto\\\/dita-kudru-black-iron-yellow-gold\\\/#breadcrumb\"},\"inLanguage\":\"en-US\",\"potentialAction\":[{\"@type\":\"ReadAction\",\"target\":[\"https:\\\/\\\/opticacanalejas.com\\\/en\\\/producto\\\/dita-kudru-black-iron-yellow-gold\\\/\"]}]},{\"@type\":\"ImageObject\",\"inLanguage\":\"en-US\",\"@id\":\"https:\\\/\\\/opticacanalejas.com\\\/en\\\/producto\\\/dita-kudru-black-iron-yellow-gold\\\/#primaryimage\",\"url\":\"https:\\\/\\\/opticacanalejas.com\\\/wp-content\\\/uploads\\\/2025\\\/08\\\/Kudru-Black-Iron-Yellow-Gold-1.webp\",\"contentUrl\":\"https:\\\/\\\/opticacanalejas.com\\\/wp-content\\\/uploads\\\/2025\\\/08\\\/Kudru-Black-Iron-Yellow-Gold-1.webp\",\"width\":1440,\"height\":920},{\"@type\":\"BreadcrumbList\",\"@id\":\"https:\\\/\\\/opticacanalejas.com\\\/en\\\/producto\\\/dita-kudru-black-iron-yellow-gold\\\/#breadcrumb\",\"itemListElement\":[{\"@type\":\"ListItem\",\"position\":1,\"name\":\"Portada\",\"item\":\"https:\\\/\\\/opticacanalejas.com\\\/en\\\/\"},{\"@type\":\"ListItem\",\"position\":2,\"name\":\"Shop\",\"item\":\"https:\\\/\\\/opticacanalejas.com\\\/en\\\/shop\\\/\"},{\"@type\":\"ListItem\",\"position\":3,\"name\":\"Dita Kudru Black Iron &#8211; Yellow Gold\"}]},{\"@type\":\"WebSite\",\"@id\":\"https:\\\/\\\/opticacanalejas.com\\\/en\\\/#website\",\"url\":\"https:\\\/\\\/opticacanalejas.com\\\/en\\\/\",\"name\":\"\u00d3ptica Canalejas\",\"description\":\"La \u00f3ptica del centro de Madrid con las colecciones m\u00e1s exclusivas. Gafas Moscot. Gafas Lunor. Gafas Akoni. Gafas Cartier. Gafas Serengeti. Gafas Matsuda. Horario L-V de 10:00 a 20:00. S\u00e1bados 10:00 a 14:00.\",\"publisher\":{\"@id\":\"https:\\\/\\\/opticacanalejas.com\\\/en\\\/#organization\"},\"potentialAction\":[{\"@type\":\"SearchAction\",\"target\":{\"@type\":\"EntryPoint\",\"urlTemplate\":\"https:\\\/\\\/opticacanalejas.com\\\/en\\\/?s={search_term_string}\"},\"query-input\":{\"@type\":\"PropertyValueSpecification\",\"valueRequired\":true,\"valueName\":\"search_term_string\"}}],\"inLanguage\":\"en-US\"},{\"@type\":\"Organization\",\"@id\":\"https:\\\/\\\/opticacanalejas.com\\\/en\\\/#organization\",\"name\":\"\u00d3ptica Canalejas\",\"url\":\"https:\\\/\\\/opticacanalejas.com\\\/en\\\/\",\"logo\":{\"@type\":\"ImageObject\",\"inLanguage\":\"en-US\",\"@id\":\"https:\\\/\\\/opticacanalejas.com\\\/en\\\/#\\\/schema\\\/logo\\\/image\\\/\",\"url\":\"https:\\\/\\\/opticacanalejas.com\\\/wp-content\\\/uploads\\\/2024\\\/07\\\/logo.png\",\"contentUrl\":\"https:\\\/\\\/opticacanalejas.com\\\/wp-content\\\/uploads\\\/2024\\\/07\\\/logo.png\",\"width\":143,\"height\":100,\"caption\":\"\u00d3ptica Canalejas\"},\"image\":{\"@id\":\"https:\\\/\\\/opticacanalejas.com\\\/en\\\/#\\\/schema\\\/logo\\\/image\\\/\"},\"sameAs\":[\"https:\\\/\\\/facebook.com\\\/opticacanalejas\\\/\"]}]}<\/script>\n<!-- \/ Yoast SEO plugin. -->","yoast_head_json":{"title":"Dita Kudru Black Iron - Yellow Gold - \u00d3ptica Canalejas | Madrid | Ver bien, elegir bien.","robots":{"index":"index","follow":"follow","max-snippet":"max-snippet:-1","max-image-preview":"max-image-preview:large","max-video-preview":"max-video-preview:-1"},"canonical":"https:\/\/opticacanalejas.com\/en\/producto\/dita-kudru-black-iron-yellow-gold\/","og_locale":"en_US","og_type":"article","og_title":"Dita Kudru Black Iron - Yellow Gold - \u00d3ptica Canalejas | Madrid | Ver bien, elegir bien.","og_description":"Representando el lenguaje de dise\u00f1o figurativo que recorre toda la colecci\u00f3n, KUDRU es una montura tipo navigator elaborada con maestr\u00eda y un frontal de titanio que expresa una est\u00e9tica marcadamente masculina. La innovaci\u00f3n sigue siendo un compromiso fundamental para DITA, algo que se refleja claramente en el dise\u00f1o de las varillas de KUDRU, creadas con un sistema ajustable de tres puntos que permite al \u00f3ptico personalizar el ajuste de la montura para lograr una comodidad y usabilidad \u00f3ptimas. Equilibrada con detalles minuciosos, KUDRU incorpora l\u00edneas prensadas en los aros y una construcci\u00f3n en titanio de dos piezas en la barra superior y el puente.","og_url":"https:\/\/opticacanalejas.com\/en\/producto\/dita-kudru-black-iron-yellow-gold\/","og_site_name":"\u00d3ptica Canalejas | Madrid | Ver bien, elegir bien.","article_publisher":"https:\/\/facebook.com\/opticacanalejas\/","article_modified_time":"2025-08-06T19:31:12+00:00","twitter_card":"summary_large_image","schema":{"@context":"https:\/\/schema.org","@graph":[{"@type":"WebPage","@id":"https:\/\/opticacanalejas.com\/en\/producto\/dita-kudru-black-iron-yellow-gold\/","url":"https:\/\/opticacanalejas.com\/en\/producto\/dita-kudru-black-iron-yellow-gold\/","name":"Dita Kudru Black Iron - Yellow Gold - \u00d3ptica Canalejas | Madrid | Ver bien, elegir bien.","isPartOf":{"@id":"https:\/\/opticacanalejas.com\/en\/#website"},"primaryImageOfPage":{"@id":"https:\/\/opticacanalejas.com\/en\/producto\/dita-kudru-black-iron-yellow-gold\/#primaryimage"},"image":{"@id":"https:\/\/opticacanalejas.com\/en\/producto\/dita-kudru-black-iron-yellow-gold\/#primaryimage"},"thumbnailUrl":"https:\/\/opticacanalejas.com\/wp-content\/uploads\/2025\/08\/Kudru-Black-Iron-Yellow-Gold-1.webp","datePublished":"2025-08-06T19:31:07+00:00","dateModified":"2025-08-06T19:31:12+00:00","breadcrumb":{"@id":"https:\/\/opticacanalejas.com\/en\/producto\/dita-kudru-black-iron-yellow-gold\/#breadcrumb"},"inLanguage":"en-US","potentialAction":[{"@type":"ReadAction","target":["https:\/\/opticacanalejas.com\/en\/producto\/dita-kudru-black-iron-yellow-gold\/"]}]},{"@type":"ImageObject","inLanguage":"en-US","@id":"https:\/\/opticacanalejas.com\/en\/producto\/dita-kudru-black-iron-yellow-gold\/#primaryimage","url":"https:\/\/opticacanalejas.com\/wp-content\/uploads\/2025\/08\/Kudru-Black-Iron-Yellow-Gold-1.webp","contentUrl":"https:\/\/opticacanalejas.com\/wp-content\/uploads\/2025\/08\/Kudru-Black-Iron-Yellow-Gold-1.webp","width":1440,"height":920},{"@type":"BreadcrumbList","@id":"https:\/\/opticacanalejas.com\/en\/producto\/dita-kudru-black-iron-yellow-gold\/#breadcrumb","itemListElement":[{"@type":"ListItem","position":1,"name":"Portada","item":"https:\/\/opticacanalejas.com\/en\/"},{"@type":"ListItem","position":2,"name":"Shop","item":"https:\/\/opticacanalejas.com\/en\/shop\/"},{"@type":"ListItem","position":3,"name":"Dita Kudru Black Iron &#8211; Yellow Gold"}]},{"@type":"WebSite","@id":"https:\/\/opticacanalejas.com\/en\/#website","url":"https:\/\/opticacanalejas.com\/en\/","name":"\u00d3ptica Canalejas","description":"La \u00f3ptica del centro de Madrid con las colecciones m\u00e1s exclusivas. Gafas Moscot. Gafas Lunor. Gafas Akoni. Gafas Cartier. Gafas Serengeti. Gafas Matsuda. Horario L-V de 10:00 a 20:00. S\u00e1bados 10:00 a 14:00.","publisher":{"@id":"https:\/\/opticacanalejas.com\/en\/#organization"},"potentialAction":[{"@type":"SearchAction","target":{"@type":"EntryPoint","urlTemplate":"https:\/\/opticacanalejas.com\/en\/?s={search_term_string}"},"query-input":{"@type":"PropertyValueSpecification","valueRequired":true,"valueName":"search_term_string"}}],"inLanguage":"en-US"},{"@type":"Organization","@id":"https:\/\/opticacanalejas.com\/en\/#organization","name":"\u00d3ptica Canalejas","url":"https:\/\/opticacanalejas.com\/en\/","logo":{"@type":"ImageObject","inLanguage":"en-US","@id":"https:\/\/opticacanalejas.com\/en\/#\/schema\/logo\/image\/","url":"https:\/\/opticacanalejas.com\/wp-content\/uploads\/2024\/07\/logo.png","contentUrl":"https:\/\/opticacanalejas.com\/wp-content\/uploads\/2024\/07\/logo.png","width":143,"height":100,"caption":"\u00d3ptica Canalejas"},"image":{"@id":"https:\/\/opticacanalejas.com\/en\/#\/schema\/logo\/image\/"},"sameAs":["https:\/\/facebook.com\/opticacanalejas\/"]}]}},"jetpack_sharing_enabled":true,"brands":[{"id":45,"name":"Dita","slug":"comprar-gafas-dita-en-madrid"}],"_links":{"self":[{"href":"https:\/\/opticacanalejas.com\/en\/wp-json\/wp\/v2\/product\/3148","targetHints":{"allow":["GET"]}}],"collection":[{"href":"https:\/\/opticacanalejas.com\/en\/wp-json\/wp\/v2\/product"}],"about":[{"href":"https:\/\/opticacanalejas.com\/en\/wp-json\/wp\/v2\/types\/product"}],"replies":[{"embeddable":true,"href":"https:\/\/opticacanalejas.com\/en\/wp-json\/wp\/v2\/comments?post=3148"}],"version-history":[{"count":0,"href":"https:\/\/opticacanalejas.com\/en\/wp-json\/wp\/v2\/product\/3148\/revisions"}],"wp:featuredmedia":[{"embeddable":true,"href":"https:\/\/opticacanalejas.com\/en\/wp-json\/wp\/v2\/media\/2944"}],"wp:attachment":[{"href":"https:\/\/opticacanalejas.com\/en\/wp-json\/wp\/v2\/media?parent=3148"}],"wp:term":[{"taxonomy":"pwb-brand","embeddable":true,"href":"https:\/\/opticacanalejas.com\/en\/wp-json\/wp\/v2\/pwb-brand?post=3148"},{"taxonomy":"product_brand","embeddable":true,"href":"https:\/\/opticacanalejas.com\/en\/wp-json\/wp\/v2\/product_brand?post=3148"},{"taxonomy":"product_cat","embeddable":true,"href":"https:\/\/opticacanalejas.com\/en\/wp-json\/wp\/v2\/product_cat?post=3148"},{"taxonomy":"product_tag","embeddable":true,"href":"https:\/\/opticacanalejas.com\/en\/wp-json\/wp\/v2\/product_tag?post=3148"}],"curies":[{"name":"wp","href":"https:\/\/api.w.org\/{rel}","templated":true}]}}