{"id":3146,"date":"2025-08-06T21:31:07","date_gmt":"2025-08-06T19:31:07","guid":{"rendered":"https:\/\/opticacanalejas.com\/?post_type=product&#038;p=3146"},"modified":"2025-08-06T21:31:11","modified_gmt":"2025-08-06T19:31:11","slug":"dita-meta-evo-one-yellow-gold-arctic-swirl","status":"publish","type":"product","link":"https:\/\/opticacanalejas.com\/en\/producto\/dita-meta-evo-one-yellow-gold-arctic-swirl\/","title":{"rendered":"Dita Meta-Evo One Yellow Gold &#8211; Arctic Swirl"},"content":{"rendered":"<p>Construcci\u00f3n sin aro (rimless) con plaquetas nasales personalizadas de titanio<\/p>\n<p>Lentes montadas con tornillo en el puente<\/p>\n<p>Detalle de nylor en color<\/p>\n<p>Placa de bisagra personalizada con incrustaci\u00f3n de esmalte<\/p>\n<p>Plaquetas nasales de titanio con detalle prensado en forma de diamante<\/p>\n<p>Terminales de acetato<\/p>\n<p>Sistema de bisagra y tornillo hexagonal exclusivo de DITA<\/p>\n<p>Lentes con protecci\u00f3n 100% UVA y UVB y tratamiento antirreflejante<\/p>\n<p>Hechas a mano en Jap\u00f3n<\/p>\n","protected":false},"excerpt":{"rendered":"<p>META-EVO ONE es un concepto solar que naci\u00f3 tras descubrir el tradicional juego del \u201cgo\u201d, practicado en todo el mundo. La tradici\u00f3n sigue influyendo en nuestros dise\u00f1os, rindiendo homenaje a la historia e integr\u00e1ndola en la \u00f3ptica contempor\u00e1nea.<\/p>\n<p>Este juego se basa en piedras lisas, representadas en META-EVO ONE a trav\u00e9s del acabado suave de sus lentes, contrastado con una montura s\u00f3lida. META-EVO ONE marca el debut de los primeros modelos completamente al aire \u2014sin aro\u2014 lanzados por DITA en m\u00e1s de 20 a\u00f1os. Esta reintroducci\u00f3n de un dise\u00f1o rimless es un tributo a los estilos retro del pasado.<\/p>\n<p>Dise\u00f1adas para seguir desafiando los l\u00edmites de lo posible, estas gafas reinterpretan un estilo cl\u00e1sico con una atenci\u00f3n absoluta a la artesan\u00eda. Los bordes angulares de esta montura solar acent\u00faan el dise\u00f1o sin aro y realzan el sistema de lentes montadas con tornillos. META-EVO ONE proyecta una imagen poderosa pero refinada, y representa a la perfecci\u00f3n c\u00f3mo lo retro puede integrarse en dise\u00f1os vanguardistas.<\/p>\n","protected":false},"featured_media":3000,"comment_status":"open","ping_status":"closed","template":"","meta":[],"pwb-brand":[45],"product_brand":[],"product_cat":[20],"product_tag":[],"class_list":{"0":"post-3146","1":"product","2":"type-product","3":"status-publish","4":"has-post-thumbnail","6":"pwb-brand-comprar-gafas-dita-en-madrid","7":"product_cat-gafas-de-sol","9":"first","10":"instock","11":"taxable","12":"shipping-taxable","13":"purchasable","14":"product-type-simple"},"yoast_head":"<!-- This site is optimized with the Yoast SEO plugin v27.5 - https:\/\/yoast.com\/product\/yoast-seo-wordpress\/ -->\n<title>Dita Meta-Evo One Yellow Gold - Arctic Swirl - \u00d3ptica Canalejas | Madrid | Ver bien, elegir bien.<\/title>\n<meta name=\"robots\" content=\"index, follow, max-snippet:-1, max-image-preview:large, max-video-preview:-1\" \/>\n<link rel=\"canonical\" href=\"https:\/\/opticacanalejas.com\/en\/producto\/dita-meta-evo-one-yellow-gold-arctic-swirl\/\" \/>\n<meta property=\"og:locale\" content=\"en_US\" \/>\n<meta property=\"og:type\" content=\"article\" \/>\n<meta property=\"og:title\" content=\"Dita Meta-Evo One Yellow Gold - Arctic Swirl - \u00d3ptica Canalejas | Madrid | Ver bien, elegir bien.\" \/>\n<meta property=\"og:description\" content=\"META-EVO ONE es un concepto solar que naci\u00f3 tras descubrir el tradicional juego del \u201cgo\u201d, practicado en todo el mundo. La tradici\u00f3n sigue influyendo en nuestros dise\u00f1os, rindiendo homenaje a la historia e integr\u00e1ndola en la \u00f3ptica contempor\u00e1nea. Este juego se basa en piedras lisas, representadas en META-EVO ONE a trav\u00e9s del acabado suave de sus lentes, contrastado con una montura s\u00f3lida. META-EVO ONE marca el debut de los primeros modelos completamente al aire \u2014sin aro\u2014 lanzados por DITA en m\u00e1s de 20 a\u00f1os. Esta reintroducci\u00f3n de un dise\u00f1o rimless es un tributo a los estilos retro del pasado. Dise\u00f1adas para seguir desafiando los l\u00edmites de lo posible, estas gafas reinterpretan un estilo cl\u00e1sico con una atenci\u00f3n absoluta a la artesan\u00eda. Los bordes angulares de esta montura solar acent\u00faan el dise\u00f1o sin aro y realzan el sistema de lentes montadas con tornillos. META-EVO ONE proyecta una imagen poderosa pero refinada, y representa a la perfecci\u00f3n c\u00f3mo lo retro puede integrarse en dise\u00f1os vanguardistas.\" \/>\n<meta property=\"og:url\" content=\"https:\/\/opticacanalejas.com\/en\/producto\/dita-meta-evo-one-yellow-gold-arctic-swirl\/\" \/>\n<meta property=\"og:site_name\" content=\"\u00d3ptica Canalejas | Madrid | Ver bien, elegir bien.\" \/>\n<meta property=\"article:publisher\" content=\"https:\/\/facebook.com\/opticacanalejas\/\" \/>\n<meta property=\"article:modified_time\" content=\"2025-08-06T19:31:11+00:00\" \/>\n<meta name=\"twitter:card\" content=\"summary_large_image\" \/>\n<script type=\"application\/ld+json\" class=\"yoast-schema-graph\">{\"@context\":\"https:\\\/\\\/schema.org\",\"@graph\":[{\"@type\":\"WebPage\",\"@id\":\"https:\\\/\\\/opticacanalejas.com\\\/en\\\/producto\\\/dita-meta-evo-one-yellow-gold-arctic-swirl\\\/\",\"url\":\"https:\\\/\\\/opticacanalejas.com\\\/en\\\/producto\\\/dita-meta-evo-one-yellow-gold-arctic-swirl\\\/\",\"name\":\"Dita Meta-Evo One Yellow Gold - Arctic Swirl - \u00d3ptica Canalejas | Madrid | Ver bien, elegir bien.\",\"isPartOf\":{\"@id\":\"https:\\\/\\\/opticacanalejas.com\\\/en\\\/#website\"},\"primaryImageOfPage\":{\"@id\":\"https:\\\/\\\/opticacanalejas.com\\\/en\\\/producto\\\/dita-meta-evo-one-yellow-gold-arctic-swirl\\\/#primaryimage\"},\"image\":{\"@id\":\"https:\\\/\\\/opticacanalejas.com\\\/en\\\/producto\\\/dita-meta-evo-one-yellow-gold-arctic-swirl\\\/#primaryimage\"},\"thumbnailUrl\":\"https:\\\/\\\/opticacanalejas.com\\\/wp-content\\\/uploads\\\/2025\\\/08\\\/Meta-Evo-One-Yellow-Gold-Arctic-Swirl-1.webp\",\"datePublished\":\"2025-08-06T19:31:07+00:00\",\"dateModified\":\"2025-08-06T19:31:11+00:00\",\"breadcrumb\":{\"@id\":\"https:\\\/\\\/opticacanalejas.com\\\/en\\\/producto\\\/dita-meta-evo-one-yellow-gold-arctic-swirl\\\/#breadcrumb\"},\"inLanguage\":\"en-US\",\"potentialAction\":[{\"@type\":\"ReadAction\",\"target\":[\"https:\\\/\\\/opticacanalejas.com\\\/en\\\/producto\\\/dita-meta-evo-one-yellow-gold-arctic-swirl\\\/\"]}]},{\"@type\":\"ImageObject\",\"inLanguage\":\"en-US\",\"@id\":\"https:\\\/\\\/opticacanalejas.com\\\/en\\\/producto\\\/dita-meta-evo-one-yellow-gold-arctic-swirl\\\/#primaryimage\",\"url\":\"https:\\\/\\\/opticacanalejas.com\\\/wp-content\\\/uploads\\\/2025\\\/08\\\/Meta-Evo-One-Yellow-Gold-Arctic-Swirl-1.webp\",\"contentUrl\":\"https:\\\/\\\/opticacanalejas.com\\\/wp-content\\\/uploads\\\/2025\\\/08\\\/Meta-Evo-One-Yellow-Gold-Arctic-Swirl-1.webp\",\"width\":1440,\"height\":920},{\"@type\":\"BreadcrumbList\",\"@id\":\"https:\\\/\\\/opticacanalejas.com\\\/en\\\/producto\\\/dita-meta-evo-one-yellow-gold-arctic-swirl\\\/#breadcrumb\",\"itemListElement\":[{\"@type\":\"ListItem\",\"position\":1,\"name\":\"Portada\",\"item\":\"https:\\\/\\\/opticacanalejas.com\\\/en\\\/\"},{\"@type\":\"ListItem\",\"position\":2,\"name\":\"Shop\",\"item\":\"https:\\\/\\\/opticacanalejas.com\\\/en\\\/shop\\\/\"},{\"@type\":\"ListItem\",\"position\":3,\"name\":\"Dita Meta-Evo One Yellow Gold &#8211; Arctic Swirl\"}]},{\"@type\":\"WebSite\",\"@id\":\"https:\\\/\\\/opticacanalejas.com\\\/en\\\/#website\",\"url\":\"https:\\\/\\\/opticacanalejas.com\\\/en\\\/\",\"name\":\"\u00d3ptica Canalejas\",\"description\":\"La \u00f3ptica del centro de Madrid con las colecciones m\u00e1s exclusivas. Gafas Moscot. Gafas Lunor. Gafas Akoni. Gafas Cartier. Gafas Serengeti. Gafas Matsuda. Horario L-V de 10:00 a 20:00. S\u00e1bados 10:00 a 14:00.\",\"publisher\":{\"@id\":\"https:\\\/\\\/opticacanalejas.com\\\/en\\\/#organization\"},\"potentialAction\":[{\"@type\":\"SearchAction\",\"target\":{\"@type\":\"EntryPoint\",\"urlTemplate\":\"https:\\\/\\\/opticacanalejas.com\\\/en\\\/?s={search_term_string}\"},\"query-input\":{\"@type\":\"PropertyValueSpecification\",\"valueRequired\":true,\"valueName\":\"search_term_string\"}}],\"inLanguage\":\"en-US\"},{\"@type\":\"Organization\",\"@id\":\"https:\\\/\\\/opticacanalejas.com\\\/en\\\/#organization\",\"name\":\"\u00d3ptica Canalejas\",\"url\":\"https:\\\/\\\/opticacanalejas.com\\\/en\\\/\",\"logo\":{\"@type\":\"ImageObject\",\"inLanguage\":\"en-US\",\"@id\":\"https:\\\/\\\/opticacanalejas.com\\\/en\\\/#\\\/schema\\\/logo\\\/image\\\/\",\"url\":\"https:\\\/\\\/opticacanalejas.com\\\/wp-content\\\/uploads\\\/2024\\\/07\\\/logo.png\",\"contentUrl\":\"https:\\\/\\\/opticacanalejas.com\\\/wp-content\\\/uploads\\\/2024\\\/07\\\/logo.png\",\"width\":143,\"height\":100,\"caption\":\"\u00d3ptica Canalejas\"},\"image\":{\"@id\":\"https:\\\/\\\/opticacanalejas.com\\\/en\\\/#\\\/schema\\\/logo\\\/image\\\/\"},\"sameAs\":[\"https:\\\/\\\/facebook.com\\\/opticacanalejas\\\/\"]}]}<\/script>\n<!-- \/ Yoast SEO plugin. -->","yoast_head_json":{"title":"Dita Meta-Evo One Yellow Gold - Arctic Swirl - \u00d3ptica Canalejas | Madrid | Ver bien, elegir bien.","robots":{"index":"index","follow":"follow","max-snippet":"max-snippet:-1","max-image-preview":"max-image-preview:large","max-video-preview":"max-video-preview:-1"},"canonical":"https:\/\/opticacanalejas.com\/en\/producto\/dita-meta-evo-one-yellow-gold-arctic-swirl\/","og_locale":"en_US","og_type":"article","og_title":"Dita Meta-Evo One Yellow Gold - Arctic Swirl - \u00d3ptica Canalejas | Madrid | Ver bien, elegir bien.","og_description":"META-EVO ONE es un concepto solar que naci\u00f3 tras descubrir el tradicional juego del \u201cgo\u201d, practicado en todo el mundo. La tradici\u00f3n sigue influyendo en nuestros dise\u00f1os, rindiendo homenaje a la historia e integr\u00e1ndola en la \u00f3ptica contempor\u00e1nea. Este juego se basa en piedras lisas, representadas en META-EVO ONE a trav\u00e9s del acabado suave de sus lentes, contrastado con una montura s\u00f3lida. META-EVO ONE marca el debut de los primeros modelos completamente al aire \u2014sin aro\u2014 lanzados por DITA en m\u00e1s de 20 a\u00f1os. Esta reintroducci\u00f3n de un dise\u00f1o rimless es un tributo a los estilos retro del pasado. Dise\u00f1adas para seguir desafiando los l\u00edmites de lo posible, estas gafas reinterpretan un estilo cl\u00e1sico con una atenci\u00f3n absoluta a la artesan\u00eda. Los bordes angulares de esta montura solar acent\u00faan el dise\u00f1o sin aro y realzan el sistema de lentes montadas con tornillos. META-EVO ONE proyecta una imagen poderosa pero refinada, y representa a la perfecci\u00f3n c\u00f3mo lo retro puede integrarse en dise\u00f1os vanguardistas.","og_url":"https:\/\/opticacanalejas.com\/en\/producto\/dita-meta-evo-one-yellow-gold-arctic-swirl\/","og_site_name":"\u00d3ptica Canalejas | Madrid | Ver bien, elegir bien.","article_publisher":"https:\/\/facebook.com\/opticacanalejas\/","article_modified_time":"2025-08-06T19:31:11+00:00","twitter_card":"summary_large_image","schema":{"@context":"https:\/\/schema.org","@graph":[{"@type":"WebPage","@id":"https:\/\/opticacanalejas.com\/en\/producto\/dita-meta-evo-one-yellow-gold-arctic-swirl\/","url":"https:\/\/opticacanalejas.com\/en\/producto\/dita-meta-evo-one-yellow-gold-arctic-swirl\/","name":"Dita Meta-Evo One Yellow Gold - Arctic Swirl - \u00d3ptica Canalejas | Madrid | Ver bien, elegir bien.","isPartOf":{"@id":"https:\/\/opticacanalejas.com\/en\/#website"},"primaryImageOfPage":{"@id":"https:\/\/opticacanalejas.com\/en\/producto\/dita-meta-evo-one-yellow-gold-arctic-swirl\/#primaryimage"},"image":{"@id":"https:\/\/opticacanalejas.com\/en\/producto\/dita-meta-evo-one-yellow-gold-arctic-swirl\/#primaryimage"},"thumbnailUrl":"https:\/\/opticacanalejas.com\/wp-content\/uploads\/2025\/08\/Meta-Evo-One-Yellow-Gold-Arctic-Swirl-1.webp","datePublished":"2025-08-06T19:31:07+00:00","dateModified":"2025-08-06T19:31:11+00:00","breadcrumb":{"@id":"https:\/\/opticacanalejas.com\/en\/producto\/dita-meta-evo-one-yellow-gold-arctic-swirl\/#breadcrumb"},"inLanguage":"en-US","potentialAction":[{"@type":"ReadAction","target":["https:\/\/opticacanalejas.com\/en\/producto\/dita-meta-evo-one-yellow-gold-arctic-swirl\/"]}]},{"@type":"ImageObject","inLanguage":"en-US","@id":"https:\/\/opticacanalejas.com\/en\/producto\/dita-meta-evo-one-yellow-gold-arctic-swirl\/#primaryimage","url":"https:\/\/opticacanalejas.com\/wp-content\/uploads\/2025\/08\/Meta-Evo-One-Yellow-Gold-Arctic-Swirl-1.webp","contentUrl":"https:\/\/opticacanalejas.com\/wp-content\/uploads\/2025\/08\/Meta-Evo-One-Yellow-Gold-Arctic-Swirl-1.webp","width":1440,"height":920},{"@type":"BreadcrumbList","@id":"https:\/\/opticacanalejas.com\/en\/producto\/dita-meta-evo-one-yellow-gold-arctic-swirl\/#breadcrumb","itemListElement":[{"@type":"ListItem","position":1,"name":"Portada","item":"https:\/\/opticacanalejas.com\/en\/"},{"@type":"ListItem","position":2,"name":"Shop","item":"https:\/\/opticacanalejas.com\/en\/shop\/"},{"@type":"ListItem","position":3,"name":"Dita Meta-Evo One Yellow Gold &#8211; Arctic Swirl"}]},{"@type":"WebSite","@id":"https:\/\/opticacanalejas.com\/en\/#website","url":"https:\/\/opticacanalejas.com\/en\/","name":"\u00d3ptica Canalejas","description":"La \u00f3ptica del centro de Madrid con las colecciones m\u00e1s exclusivas. Gafas Moscot. Gafas Lunor. Gafas Akoni. Gafas Cartier. Gafas Serengeti. Gafas Matsuda. Horario L-V de 10:00 a 20:00. S\u00e1bados 10:00 a 14:00.","publisher":{"@id":"https:\/\/opticacanalejas.com\/en\/#organization"},"potentialAction":[{"@type":"SearchAction","target":{"@type":"EntryPoint","urlTemplate":"https:\/\/opticacanalejas.com\/en\/?s={search_term_string}"},"query-input":{"@type":"PropertyValueSpecification","valueRequired":true,"valueName":"search_term_string"}}],"inLanguage":"en-US"},{"@type":"Organization","@id":"https:\/\/opticacanalejas.com\/en\/#organization","name":"\u00d3ptica Canalejas","url":"https:\/\/opticacanalejas.com\/en\/","logo":{"@type":"ImageObject","inLanguage":"en-US","@id":"https:\/\/opticacanalejas.com\/en\/#\/schema\/logo\/image\/","url":"https:\/\/opticacanalejas.com\/wp-content\/uploads\/2024\/07\/logo.png","contentUrl":"https:\/\/opticacanalejas.com\/wp-content\/uploads\/2024\/07\/logo.png","width":143,"height":100,"caption":"\u00d3ptica Canalejas"},"image":{"@id":"https:\/\/opticacanalejas.com\/en\/#\/schema\/logo\/image\/"},"sameAs":["https:\/\/facebook.com\/opticacanalejas\/"]}]}},"jetpack_sharing_enabled":true,"brands":[{"id":45,"name":"Dita","slug":"comprar-gafas-dita-en-madrid"}],"_links":{"self":[{"href":"https:\/\/opticacanalejas.com\/en\/wp-json\/wp\/v2\/product\/3146","targetHints":{"allow":["GET"]}}],"collection":[{"href":"https:\/\/opticacanalejas.com\/en\/wp-json\/wp\/v2\/product"}],"about":[{"href":"https:\/\/opticacanalejas.com\/en\/wp-json\/wp\/v2\/types\/product"}],"replies":[{"embeddable":true,"href":"https:\/\/opticacanalejas.com\/en\/wp-json\/wp\/v2\/comments?post=3146"}],"version-history":[{"count":0,"href":"https:\/\/opticacanalejas.com\/en\/wp-json\/wp\/v2\/product\/3146\/revisions"}],"wp:featuredmedia":[{"embeddable":true,"href":"https:\/\/opticacanalejas.com\/en\/wp-json\/wp\/v2\/media\/3000"}],"wp:attachment":[{"href":"https:\/\/opticacanalejas.com\/en\/wp-json\/wp\/v2\/media?parent=3146"}],"wp:term":[{"taxonomy":"pwb-brand","embeddable":true,"href":"https:\/\/opticacanalejas.com\/en\/wp-json\/wp\/v2\/pwb-brand?post=3146"},{"taxonomy":"product_brand","embeddable":true,"href":"https:\/\/opticacanalejas.com\/en\/wp-json\/wp\/v2\/product_brand?post=3146"},{"taxonomy":"product_cat","embeddable":true,"href":"https:\/\/opticacanalejas.com\/en\/wp-json\/wp\/v2\/product_cat?post=3146"},{"taxonomy":"product_tag","embeddable":true,"href":"https:\/\/opticacanalejas.com\/en\/wp-json\/wp\/v2\/product_tag?post=3146"}],"curies":[{"name":"wp","href":"https:\/\/api.w.org\/{rel}","templated":true}]}}