{"id":3140,"date":"2025-08-06T21:31:05","date_gmt":"2025-08-06T19:31:05","guid":{"rendered":"https:\/\/opticacanalejas.com\/?post_type=product&#038;p=3140"},"modified":"2025-08-06T21:31:10","modified_gmt":"2025-08-06T19:31:10","slug":"dita-mach-one-black-white-gold","status":"publish","type":"product","link":"https:\/\/opticacanalejas.com\/en\/producto\/dita-mach-one-black-white-gold\/","title":{"rendered":"Dita Mach-One Black &#8211; White Gold"},"content":{"rendered":"<p>Frontal de titanio con detalle de aro en acetato<\/p>\n<p>Doble sistema nylor<\/p>\n<p>Plaquetas nasales de titanio<\/p>\n<p>Bisagras exclusivas de DITA con tornillo hexagonal<\/p>\n<p>Terminales de acetato<\/p>\n<p>Lentes con protecci\u00f3n 100% UVA y UVB y tratamiento antirreflejante<\/p>\n<p>Fabricadas en Jap\u00f3n<\/p>\n","protected":false},"excerpt":{"rendered":"<p>Desde 1995, DITA se ha inspirado en el mundo internacional del dise\u00f1o n\u00e1utico, automovil\u00edstico y aeron\u00e1utico, as\u00ed como en aquellas personas que han desafiado los l\u00edmites dentro de estas m\u00e1quinas meticulosamente construidas.<\/p>\n<p>Nuestra ic\u00f3nica DITA Mach-One nace de esta pasi\u00f3n por los coches de alto rendimiento, las lanchas r\u00e1pidas y los aviones estilizados, todos ellos fabricados con m\u00e9todos de construcci\u00f3n avanzados y materiales de primera calidad. Estas monturas est\u00e1n dise\u00f1adas para despertar la misma intensidad que solo las mejores de estas m\u00e1quinas pueden generar.<\/p>\n","protected":false},"featured_media":2990,"comment_status":"open","ping_status":"closed","template":"","meta":[],"pwb-brand":[45],"product_brand":[],"product_cat":[20],"product_tag":[],"class_list":{"0":"post-3140","1":"product","2":"type-product","3":"status-publish","4":"has-post-thumbnail","6":"pwb-brand-comprar-gafas-dita-en-madrid","7":"product_cat-gafas-de-sol","9":"first","10":"instock","11":"taxable","12":"shipping-taxable","13":"purchasable","14":"product-type-simple"},"yoast_head":"<!-- This site is optimized with the Yoast SEO plugin v27.3 - https:\/\/yoast.com\/product\/yoast-seo-wordpress\/ -->\n<title>Dita Mach-One Black - White Gold - \u00d3ptica Canalejas | Madrid | Ver bien, elegir bien.<\/title>\n<meta name=\"robots\" content=\"index, follow, max-snippet:-1, max-image-preview:large, max-video-preview:-1\" \/>\n<link rel=\"canonical\" href=\"https:\/\/opticacanalejas.com\/en\/producto\/dita-mach-one-black-white-gold\/\" \/>\n<meta property=\"og:locale\" content=\"en_US\" \/>\n<meta property=\"og:type\" content=\"article\" \/>\n<meta property=\"og:title\" content=\"Dita Mach-One Black - White Gold - \u00d3ptica Canalejas | Madrid | Ver bien, elegir bien.\" \/>\n<meta property=\"og:description\" content=\"Desde 1995, DITA se ha inspirado en el mundo internacional del dise\u00f1o n\u00e1utico, automovil\u00edstico y aeron\u00e1utico, as\u00ed como en aquellas personas que han desafiado los l\u00edmites dentro de estas m\u00e1quinas meticulosamente construidas. Nuestra ic\u00f3nica DITA Mach-One nace de esta pasi\u00f3n por los coches de alto rendimiento, las lanchas r\u00e1pidas y los aviones estilizados, todos ellos fabricados con m\u00e9todos de construcci\u00f3n avanzados y materiales de primera calidad. Estas monturas est\u00e1n dise\u00f1adas para despertar la misma intensidad que solo las mejores de estas m\u00e1quinas pueden generar.\" \/>\n<meta property=\"og:url\" content=\"https:\/\/opticacanalejas.com\/en\/producto\/dita-mach-one-black-white-gold\/\" \/>\n<meta property=\"og:site_name\" content=\"\u00d3ptica Canalejas | Madrid | Ver bien, elegir bien.\" \/>\n<meta property=\"article:publisher\" content=\"https:\/\/facebook.com\/opticacanalejas\/\" \/>\n<meta property=\"article:modified_time\" content=\"2025-08-06T19:31:10+00:00\" \/>\n<meta name=\"twitter:card\" content=\"summary_large_image\" \/>\n<script type=\"application\/ld+json\" class=\"yoast-schema-graph\">{\"@context\":\"https:\\\/\\\/schema.org\",\"@graph\":[{\"@type\":\"WebPage\",\"@id\":\"https:\\\/\\\/opticacanalejas.com\\\/en\\\/producto\\\/dita-mach-one-black-white-gold\\\/\",\"url\":\"https:\\\/\\\/opticacanalejas.com\\\/en\\\/producto\\\/dita-mach-one-black-white-gold\\\/\",\"name\":\"Dita Mach-One Black - White Gold - \u00d3ptica Canalejas | Madrid | Ver bien, elegir bien.\",\"isPartOf\":{\"@id\":\"https:\\\/\\\/opticacanalejas.com\\\/en\\\/#website\"},\"primaryImageOfPage\":{\"@id\":\"https:\\\/\\\/opticacanalejas.com\\\/en\\\/producto\\\/dita-mach-one-black-white-gold\\\/#primaryimage\"},\"image\":{\"@id\":\"https:\\\/\\\/opticacanalejas.com\\\/en\\\/producto\\\/dita-mach-one-black-white-gold\\\/#primaryimage\"},\"thumbnailUrl\":\"https:\\\/\\\/opticacanalejas.com\\\/wp-content\\\/uploads\\\/2025\\\/08\\\/Mach-One-Black-White-Gold-1.webp\",\"datePublished\":\"2025-08-06T19:31:05+00:00\",\"dateModified\":\"2025-08-06T19:31:10+00:00\",\"breadcrumb\":{\"@id\":\"https:\\\/\\\/opticacanalejas.com\\\/en\\\/producto\\\/dita-mach-one-black-white-gold\\\/#breadcrumb\"},\"inLanguage\":\"en-US\",\"potentialAction\":[{\"@type\":\"ReadAction\",\"target\":[\"https:\\\/\\\/opticacanalejas.com\\\/en\\\/producto\\\/dita-mach-one-black-white-gold\\\/\"]}]},{\"@type\":\"ImageObject\",\"inLanguage\":\"en-US\",\"@id\":\"https:\\\/\\\/opticacanalejas.com\\\/en\\\/producto\\\/dita-mach-one-black-white-gold\\\/#primaryimage\",\"url\":\"https:\\\/\\\/opticacanalejas.com\\\/wp-content\\\/uploads\\\/2025\\\/08\\\/Mach-One-Black-White-Gold-1.webp\",\"contentUrl\":\"https:\\\/\\\/opticacanalejas.com\\\/wp-content\\\/uploads\\\/2025\\\/08\\\/Mach-One-Black-White-Gold-1.webp\",\"width\":1440,\"height\":920},{\"@type\":\"BreadcrumbList\",\"@id\":\"https:\\\/\\\/opticacanalejas.com\\\/en\\\/producto\\\/dita-mach-one-black-white-gold\\\/#breadcrumb\",\"itemListElement\":[{\"@type\":\"ListItem\",\"position\":1,\"name\":\"Portada\",\"item\":\"https:\\\/\\\/opticacanalejas.com\\\/en\\\/\"},{\"@type\":\"ListItem\",\"position\":2,\"name\":\"Shop\",\"item\":\"https:\\\/\\\/opticacanalejas.com\\\/en\\\/shop\\\/\"},{\"@type\":\"ListItem\",\"position\":3,\"name\":\"Dita Mach-One Black &#8211; White Gold\"}]},{\"@type\":\"WebSite\",\"@id\":\"https:\\\/\\\/opticacanalejas.com\\\/en\\\/#website\",\"url\":\"https:\\\/\\\/opticacanalejas.com\\\/en\\\/\",\"name\":\"\u00d3ptica Canalejas\",\"description\":\"La \u00f3ptica del centro de Madrid con las colecciones m\u00e1s exclusivas. Gafas Moscot. Gafas Lunor. Gafas Akoni. Gafas Cartier. Gafas Serengeti. Gafas Matsuda. Horario L-V de 10:00 a 20:00. S\u00e1bados 10:00 a 14:00.\",\"publisher\":{\"@id\":\"https:\\\/\\\/opticacanalejas.com\\\/en\\\/#organization\"},\"potentialAction\":[{\"@type\":\"SearchAction\",\"target\":{\"@type\":\"EntryPoint\",\"urlTemplate\":\"https:\\\/\\\/opticacanalejas.com\\\/en\\\/?s={search_term_string}\"},\"query-input\":{\"@type\":\"PropertyValueSpecification\",\"valueRequired\":true,\"valueName\":\"search_term_string\"}}],\"inLanguage\":\"en-US\"},{\"@type\":\"Organization\",\"@id\":\"https:\\\/\\\/opticacanalejas.com\\\/en\\\/#organization\",\"name\":\"\u00d3ptica Canalejas\",\"url\":\"https:\\\/\\\/opticacanalejas.com\\\/en\\\/\",\"logo\":{\"@type\":\"ImageObject\",\"inLanguage\":\"en-US\",\"@id\":\"https:\\\/\\\/opticacanalejas.com\\\/en\\\/#\\\/schema\\\/logo\\\/image\\\/\",\"url\":\"https:\\\/\\\/opticacanalejas.com\\\/wp-content\\\/uploads\\\/2024\\\/07\\\/logo.png\",\"contentUrl\":\"https:\\\/\\\/opticacanalejas.com\\\/wp-content\\\/uploads\\\/2024\\\/07\\\/logo.png\",\"width\":143,\"height\":100,\"caption\":\"\u00d3ptica Canalejas\"},\"image\":{\"@id\":\"https:\\\/\\\/opticacanalejas.com\\\/en\\\/#\\\/schema\\\/logo\\\/image\\\/\"},\"sameAs\":[\"https:\\\/\\\/facebook.com\\\/opticacanalejas\\\/\"]}]}<\/script>\n<!-- \/ Yoast SEO plugin. -->","yoast_head_json":{"title":"Dita Mach-One Black - White Gold - \u00d3ptica Canalejas | Madrid | Ver bien, elegir bien.","robots":{"index":"index","follow":"follow","max-snippet":"max-snippet:-1","max-image-preview":"max-image-preview:large","max-video-preview":"max-video-preview:-1"},"canonical":"https:\/\/opticacanalejas.com\/en\/producto\/dita-mach-one-black-white-gold\/","og_locale":"en_US","og_type":"article","og_title":"Dita Mach-One Black - White Gold - \u00d3ptica Canalejas | Madrid | Ver bien, elegir bien.","og_description":"Desde 1995, DITA se ha inspirado en el mundo internacional del dise\u00f1o n\u00e1utico, automovil\u00edstico y aeron\u00e1utico, as\u00ed como en aquellas personas que han desafiado los l\u00edmites dentro de estas m\u00e1quinas meticulosamente construidas. Nuestra ic\u00f3nica DITA Mach-One nace de esta pasi\u00f3n por los coches de alto rendimiento, las lanchas r\u00e1pidas y los aviones estilizados, todos ellos fabricados con m\u00e9todos de construcci\u00f3n avanzados y materiales de primera calidad. Estas monturas est\u00e1n dise\u00f1adas para despertar la misma intensidad que solo las mejores de estas m\u00e1quinas pueden generar.","og_url":"https:\/\/opticacanalejas.com\/en\/producto\/dita-mach-one-black-white-gold\/","og_site_name":"\u00d3ptica Canalejas | Madrid | Ver bien, elegir bien.","article_publisher":"https:\/\/facebook.com\/opticacanalejas\/","article_modified_time":"2025-08-06T19:31:10+00:00","twitter_card":"summary_large_image","schema":{"@context":"https:\/\/schema.org","@graph":[{"@type":"WebPage","@id":"https:\/\/opticacanalejas.com\/en\/producto\/dita-mach-one-black-white-gold\/","url":"https:\/\/opticacanalejas.com\/en\/producto\/dita-mach-one-black-white-gold\/","name":"Dita Mach-One Black - White Gold - \u00d3ptica Canalejas | Madrid | Ver bien, elegir bien.","isPartOf":{"@id":"https:\/\/opticacanalejas.com\/en\/#website"},"primaryImageOfPage":{"@id":"https:\/\/opticacanalejas.com\/en\/producto\/dita-mach-one-black-white-gold\/#primaryimage"},"image":{"@id":"https:\/\/opticacanalejas.com\/en\/producto\/dita-mach-one-black-white-gold\/#primaryimage"},"thumbnailUrl":"https:\/\/opticacanalejas.com\/wp-content\/uploads\/2025\/08\/Mach-One-Black-White-Gold-1.webp","datePublished":"2025-08-06T19:31:05+00:00","dateModified":"2025-08-06T19:31:10+00:00","breadcrumb":{"@id":"https:\/\/opticacanalejas.com\/en\/producto\/dita-mach-one-black-white-gold\/#breadcrumb"},"inLanguage":"en-US","potentialAction":[{"@type":"ReadAction","target":["https:\/\/opticacanalejas.com\/en\/producto\/dita-mach-one-black-white-gold\/"]}]},{"@type":"ImageObject","inLanguage":"en-US","@id":"https:\/\/opticacanalejas.com\/en\/producto\/dita-mach-one-black-white-gold\/#primaryimage","url":"https:\/\/opticacanalejas.com\/wp-content\/uploads\/2025\/08\/Mach-One-Black-White-Gold-1.webp","contentUrl":"https:\/\/opticacanalejas.com\/wp-content\/uploads\/2025\/08\/Mach-One-Black-White-Gold-1.webp","width":1440,"height":920},{"@type":"BreadcrumbList","@id":"https:\/\/opticacanalejas.com\/en\/producto\/dita-mach-one-black-white-gold\/#breadcrumb","itemListElement":[{"@type":"ListItem","position":1,"name":"Portada","item":"https:\/\/opticacanalejas.com\/en\/"},{"@type":"ListItem","position":2,"name":"Shop","item":"https:\/\/opticacanalejas.com\/en\/shop\/"},{"@type":"ListItem","position":3,"name":"Dita Mach-One Black &#8211; White Gold"}]},{"@type":"WebSite","@id":"https:\/\/opticacanalejas.com\/en\/#website","url":"https:\/\/opticacanalejas.com\/en\/","name":"\u00d3ptica Canalejas","description":"La \u00f3ptica del centro de Madrid con las colecciones m\u00e1s exclusivas. Gafas Moscot. Gafas Lunor. Gafas Akoni. Gafas Cartier. Gafas Serengeti. Gafas Matsuda. Horario L-V de 10:00 a 20:00. S\u00e1bados 10:00 a 14:00.","publisher":{"@id":"https:\/\/opticacanalejas.com\/en\/#organization"},"potentialAction":[{"@type":"SearchAction","target":{"@type":"EntryPoint","urlTemplate":"https:\/\/opticacanalejas.com\/en\/?s={search_term_string}"},"query-input":{"@type":"PropertyValueSpecification","valueRequired":true,"valueName":"search_term_string"}}],"inLanguage":"en-US"},{"@type":"Organization","@id":"https:\/\/opticacanalejas.com\/en\/#organization","name":"\u00d3ptica Canalejas","url":"https:\/\/opticacanalejas.com\/en\/","logo":{"@type":"ImageObject","inLanguage":"en-US","@id":"https:\/\/opticacanalejas.com\/en\/#\/schema\/logo\/image\/","url":"https:\/\/opticacanalejas.com\/wp-content\/uploads\/2024\/07\/logo.png","contentUrl":"https:\/\/opticacanalejas.com\/wp-content\/uploads\/2024\/07\/logo.png","width":143,"height":100,"caption":"\u00d3ptica Canalejas"},"image":{"@id":"https:\/\/opticacanalejas.com\/en\/#\/schema\/logo\/image\/"},"sameAs":["https:\/\/facebook.com\/opticacanalejas\/"]}]}},"jetpack_sharing_enabled":true,"brands":[{"id":45,"name":"Dita","slug":"comprar-gafas-dita-en-madrid"}],"_links":{"self":[{"href":"https:\/\/opticacanalejas.com\/en\/wp-json\/wp\/v2\/product\/3140","targetHints":{"allow":["GET"]}}],"collection":[{"href":"https:\/\/opticacanalejas.com\/en\/wp-json\/wp\/v2\/product"}],"about":[{"href":"https:\/\/opticacanalejas.com\/en\/wp-json\/wp\/v2\/types\/product"}],"replies":[{"embeddable":true,"href":"https:\/\/opticacanalejas.com\/en\/wp-json\/wp\/v2\/comments?post=3140"}],"version-history":[{"count":0,"href":"https:\/\/opticacanalejas.com\/en\/wp-json\/wp\/v2\/product\/3140\/revisions"}],"wp:featuredmedia":[{"embeddable":true,"href":"https:\/\/opticacanalejas.com\/en\/wp-json\/wp\/v2\/media\/2990"}],"wp:attachment":[{"href":"https:\/\/opticacanalejas.com\/en\/wp-json\/wp\/v2\/media?parent=3140"}],"wp:term":[{"taxonomy":"pwb-brand","embeddable":true,"href":"https:\/\/opticacanalejas.com\/en\/wp-json\/wp\/v2\/pwb-brand?post=3140"},{"taxonomy":"product_brand","embeddable":true,"href":"https:\/\/opticacanalejas.com\/en\/wp-json\/wp\/v2\/product_brand?post=3140"},{"taxonomy":"product_cat","embeddable":true,"href":"https:\/\/opticacanalejas.com\/en\/wp-json\/wp\/v2\/product_cat?post=3140"},{"taxonomy":"product_tag","embeddable":true,"href":"https:\/\/opticacanalejas.com\/en\/wp-json\/wp\/v2\/product_tag?post=3140"}],"curies":[{"name":"wp","href":"https:\/\/api.w.org\/{rel}","templated":true}]}}